{"id":820,"date":"2022-10-10T18:28:59","date_gmt":"2022-10-10T18:28:59","guid":{"rendered":"https:\/\/magnacharge.innoplore.com\/?post_type=product&#038;p=820"},"modified":"2023-11-05T12:00:10","modified_gmt":"2023-11-05T12:00:10","slug":"75-850","status":"publish","type":"product","link":"https:\/\/www.magnacharge.com\/fr\/product\/75-850\/","title":{"rendered":"75-850"},"content":{"rendered":"<h2>Num\u00e9ro d&#8217;article<\/h2>\n<p class=\"bigger-font mb1\">75-850<\/p>\n<p class=\"bold-text mb1\">Borne c\u00f4t\u00e9 d\u00e9marrage automobile-12 Volts<\/p>\n<p class=\"mb1\">Les v\u00e9hicules automobiles et commerciaux peuvent \u00eatre aliment\u00e9s avec notre gamme compl\u00e8te de batteries Magnacharge ; disponible avec une technologie de d\u00e9marrage avanc\u00e9e haut de gamme et un assortiment toujours croissant de technologies AGM pour r\u00e9pondre \u00e0 la demande plac\u00e9e sur les v\u00e9hicules d\u2019aujourd\u2019hui.<br \/>\nLa technologie ISS (Idle-Start-Stop) communique avec le moteur pour l&#8217;arr\u00eater lorsque le v\u00e9hicule est \u00ab au ralenti \u00bb et red\u00e9marre le moteur lorsque le v\u00e9hicule commence \u00e0 acc\u00e9l\u00e9rer. Cette technologie permet de r\u00e9duire les \u00e9missions de Co2, offre une \u00e9conomie de carburant accrue et am\u00e9liore l&#8217;exp\u00e9rience de conduite. Elle n\u00e9cessite \u00e9galement des batteries optimis\u00e9es capables de s&#8217;adapter au es exigences de cyclage pendant que le v\u00e9hicule est au ralenti et la tension constante \u00ab start-stop \u00bb sur la batterie.<br \/>\nNotre technologie de d\u00e9marrage avanc\u00e9e et notre assortiment d&#8217;options AGM sont con\u00e7us pour fournir la meilleure puissance solutions pour r\u00e9pondre \u00e0 la demande et \u00e0 la production croissantes de v\u00e9hicules \u00e9quip\u00e9s de la technologie ISS et propose m\u00eame performances sup\u00e9rieures pour les moteurs \u00e0 combustion interne (ICE) traditionnels<\/p>\n<ul class=\"fab\">\n<li>S\u00e9parateur de tapis de verre absorbant<\/li>\n<li>Puissance de d\u00e9marrage avanc\u00e9e<\/li>\n<li>Mat\u00e9riau actif haute densit\u00e9<\/li>\n<li>Acceptation de charge plus forte<\/li>\n<li>R\u00e9sistant aux vibrations<\/li>\n<li>Technologie X-Frame<\/li>\n<\/ul>\n","protected":false},"excerpt":{"rendered":"<p>Num\u00e9ro d&#8217;article 75-850 Borne c\u00f4t\u00e9 d\u00e9marrage automobile-12 Volts Les v\u00e9hicules automobiles et commerciaux peuvent \u00eatre aliment\u00e9s avec notre gamme compl\u00e8te de batteries Magnacharge ; disponible avec une technologie de d\u00e9marrage avanc\u00e9e haut de gamme et un assortiment toujours croissant de technologies AGM pour r\u00e9pondre \u00e0 la demande plac\u00e9e sur les v\u00e9hicules d\u2019aujourd\u2019hui. La technologie ISS [&hellip;]<\/p>\n","protected":false},"featured_media":3920,"template":"","meta":{"_acf_changed":false},"product_brand":[],"product_cat":[44],"product_tag":[],"class_list":{"0":"post-820","1":"product","2":"type-product","3":"status-publish","4":"has-post-thumbnail","6":"product_cat-automotive-starting-side-terminal-12-volt","8":"first","9":"instock","10":"shipping-taxable","11":"product-type-simple"},"acf":[],"yoast_head":"<!-- This site is optimized with the Yoast SEO plugin v27.3 - https:\/\/yoast.com\/product\/yoast-seo-wordpress\/ -->\n<title>75-850 - Magnacharge<\/title>\n<meta name=\"robots\" content=\"index, follow, max-snippet:-1, max-image-preview:large, max-video-preview:-1\" \/>\n<link rel=\"canonical\" href=\"https:\/\/www.magnacharge.com\/fr\/product\/75-850\/\" \/>\n<meta property=\"og:locale\" content=\"en_US\" \/>\n<meta property=\"og:type\" content=\"article\" \/>\n<meta property=\"og:title\" content=\"75-850 - Magnacharge\" \/>\n<meta property=\"og:description\" content=\"Num\u00e9ro d&#8217;article 75-850 Borne c\u00f4t\u00e9 d\u00e9marrage automobile-12 Volts Les v\u00e9hicules automobiles et commerciaux peuvent \u00eatre aliment\u00e9s avec notre gamme compl\u00e8te de batteries Magnacharge ; disponible avec une technologie de d\u00e9marrage avanc\u00e9e haut de gamme et un assortiment toujours croissant de technologies AGM pour r\u00e9pondre \u00e0 la demande plac\u00e9e sur les v\u00e9hicules d\u2019aujourd\u2019hui. La technologie ISS [&hellip;]\" \/>\n<meta property=\"og:url\" content=\"https:\/\/www.magnacharge.com\/fr\/product\/75-850\/\" \/>\n<meta property=\"og:site_name\" content=\"Magnacharge\" \/>\n<meta property=\"article:modified_time\" content=\"2023-11-05T12:00:10+00:00\" \/>\n<meta property=\"og:image\" content=\"https:\/\/www.magnacharge.com\/fr\/wp-content\/uploads\/2022\/10\/75-850-2.jpg\" \/>\n\t<meta property=\"og:image:width\" content=\"1000\" \/>\n\t<meta property=\"og:image:height\" content=\"1000\" \/>\n\t<meta property=\"og:image:type\" content=\"image\/jpeg\" \/>\n<meta name=\"twitter:card\" content=\"summary_large_image\" \/>\n<meta name=\"twitter:label1\" content=\"Est. reading time\" \/>\n\t<meta name=\"twitter:data1\" content=\"1 minute\" \/>\n<script type=\"application\/ld+json\" class=\"yoast-schema-graph\">{\"@context\":\"https:\\\/\\\/schema.org\",\"@graph\":[{\"@type\":\"WebPage\",\"@id\":\"https:\\\/\\\/www.magnacharge.com\\\/fr\\\/product\\\/75-850\\\/\",\"url\":\"https:\\\/\\\/www.magnacharge.com\\\/fr\\\/product\\\/75-850\\\/\",\"name\":\"75-850 - Magnacharge\",\"isPartOf\":{\"@id\":\"https:\\\/\\\/www.magnacharge.com\\\/fr\\\/#website\"},\"primaryImageOfPage\":{\"@id\":\"https:\\\/\\\/www.magnacharge.com\\\/fr\\\/product\\\/75-850\\\/#primaryimage\"},\"image\":{\"@id\":\"https:\\\/\\\/www.magnacharge.com\\\/fr\\\/product\\\/75-850\\\/#primaryimage\"},\"thumbnailUrl\":\"https:\\\/\\\/www.magnacharge.com\\\/fr\\\/wp-content\\\/uploads\\\/2022\\\/10\\\/75-850-2.jpg\",\"datePublished\":\"2022-10-10T18:28:59+00:00\",\"dateModified\":\"2023-11-05T12:00:10+00:00\",\"breadcrumb\":{\"@id\":\"https:\\\/\\\/www.magnacharge.com\\\/fr\\\/product\\\/75-850\\\/#breadcrumb\"},\"inLanguage\":\"en-US\",\"potentialAction\":[{\"@type\":\"ReadAction\",\"target\":[\"https:\\\/\\\/www.magnacharge.com\\\/fr\\\/product\\\/75-850\\\/\"]}]},{\"@type\":\"ImageObject\",\"inLanguage\":\"en-US\",\"@id\":\"https:\\\/\\\/www.magnacharge.com\\\/fr\\\/product\\\/75-850\\\/#primaryimage\",\"url\":\"https:\\\/\\\/www.magnacharge.com\\\/fr\\\/wp-content\\\/uploads\\\/2022\\\/10\\\/75-850-2.jpg\",\"contentUrl\":\"https:\\\/\\\/www.magnacharge.com\\\/fr\\\/wp-content\\\/uploads\\\/2022\\\/10\\\/75-850-2.jpg\",\"width\":1000,\"height\":1000},{\"@type\":\"BreadcrumbList\",\"@id\":\"https:\\\/\\\/www.magnacharge.com\\\/fr\\\/product\\\/75-850\\\/#breadcrumb\",\"itemListElement\":[{\"@type\":\"ListItem\",\"position\":1,\"name\":\"Accueil\",\"item\":\"https:\\\/\\\/www.magnacharge.com\\\/fr\\\/\"},{\"@type\":\"ListItem\",\"position\":2,\"name\":\"Shop\",\"item\":\"https:\\\/\\\/www.magnacharge.com\\\/fr\\\/shop\\\/\"},{\"@type\":\"ListItem\",\"position\":3,\"name\":\"Batterie\",\"item\":\"https:\\\/\\\/www.magnacharge.com\\\/fr\\\/product-category\\\/batteries\\\/\"},{\"@type\":\"ListItem\",\"position\":4,\"name\":\"Magnacharge\",\"item\":\"https:\\\/\\\/www.magnacharge.com\\\/fr\\\/product-category\\\/batteries\\\/magnacharge\\\/\"},{\"@type\":\"ListItem\",\"position\":5,\"name\":\"Automobile et commercial\",\"item\":\"https:\\\/\\\/www.magnacharge.com\\\/fr\\\/product-category\\\/batteries\\\/magnacharge\\\/automotive-and-commercial\\\/\"},{\"@type\":\"ListItem\",\"position\":6,\"name\":\"Bornes lat\u00e9rales de d\u00e9marrage de v\u00e9hicules, 12 volts\",\"item\":\"https:\\\/\\\/www.magnacharge.com\\\/fr\\\/product-category\\\/batteries\\\/magnacharge\\\/automotive-and-commercial\\\/automotive-starting-side-terminal-12-volt\\\/\"},{\"@type\":\"ListItem\",\"position\":7,\"name\":\"75-850\"}]},{\"@type\":\"WebSite\",\"@id\":\"https:\\\/\\\/www.magnacharge.com\\\/fr\\\/#website\",\"url\":\"https:\\\/\\\/www.magnacharge.com\\\/fr\\\/\",\"name\":\"Magnacharge\",\"description\":\"\",\"potentialAction\":[{\"@type\":\"SearchAction\",\"target\":{\"@type\":\"EntryPoint\",\"urlTemplate\":\"https:\\\/\\\/www.magnacharge.com\\\/fr\\\/?s={search_term_string}\"},\"query-input\":{\"@type\":\"PropertyValueSpecification\",\"valueRequired\":true,\"valueName\":\"search_term_string\"}}],\"inLanguage\":\"en-US\"}]}<\/script>\n<!-- \/ Yoast SEO plugin. -->","yoast_head_json":{"title":"75-850 - Magnacharge","robots":{"index":"index","follow":"follow","max-snippet":"max-snippet:-1","max-image-preview":"max-image-preview:large","max-video-preview":"max-video-preview:-1"},"canonical":"https:\/\/www.magnacharge.com\/fr\/product\/75-850\/","og_locale":"en_US","og_type":"article","og_title":"75-850 - Magnacharge","og_description":"Num\u00e9ro d&#8217;article 75-850 Borne c\u00f4t\u00e9 d\u00e9marrage automobile-12 Volts Les v\u00e9hicules automobiles et commerciaux peuvent \u00eatre aliment\u00e9s avec notre gamme compl\u00e8te de batteries Magnacharge ; disponible avec une technologie de d\u00e9marrage avanc\u00e9e haut de gamme et un assortiment toujours croissant de technologies AGM pour r\u00e9pondre \u00e0 la demande plac\u00e9e sur les v\u00e9hicules d\u2019aujourd\u2019hui. La technologie ISS [&hellip;]","og_url":"https:\/\/www.magnacharge.com\/fr\/product\/75-850\/","og_site_name":"Magnacharge","article_modified_time":"2023-11-05T12:00:10+00:00","og_image":[{"width":1000,"height":1000,"url":"https:\/\/www.magnacharge.com\/fr\/wp-content\/uploads\/2022\/10\/75-850-2.jpg","type":"image\/jpeg"}],"twitter_card":"summary_large_image","twitter_misc":{"Est. reading time":"1 minute"},"schema":{"@context":"https:\/\/schema.org","@graph":[{"@type":"WebPage","@id":"https:\/\/www.magnacharge.com\/fr\/product\/75-850\/","url":"https:\/\/www.magnacharge.com\/fr\/product\/75-850\/","name":"75-850 - Magnacharge","isPartOf":{"@id":"https:\/\/www.magnacharge.com\/fr\/#website"},"primaryImageOfPage":{"@id":"https:\/\/www.magnacharge.com\/fr\/product\/75-850\/#primaryimage"},"image":{"@id":"https:\/\/www.magnacharge.com\/fr\/product\/75-850\/#primaryimage"},"thumbnailUrl":"https:\/\/www.magnacharge.com\/fr\/wp-content\/uploads\/2022\/10\/75-850-2.jpg","datePublished":"2022-10-10T18:28:59+00:00","dateModified":"2023-11-05T12:00:10+00:00","breadcrumb":{"@id":"https:\/\/www.magnacharge.com\/fr\/product\/75-850\/#breadcrumb"},"inLanguage":"en-US","potentialAction":[{"@type":"ReadAction","target":["https:\/\/www.magnacharge.com\/fr\/product\/75-850\/"]}]},{"@type":"ImageObject","inLanguage":"en-US","@id":"https:\/\/www.magnacharge.com\/fr\/product\/75-850\/#primaryimage","url":"https:\/\/www.magnacharge.com\/fr\/wp-content\/uploads\/2022\/10\/75-850-2.jpg","contentUrl":"https:\/\/www.magnacharge.com\/fr\/wp-content\/uploads\/2022\/10\/75-850-2.jpg","width":1000,"height":1000},{"@type":"BreadcrumbList","@id":"https:\/\/www.magnacharge.com\/fr\/product\/75-850\/#breadcrumb","itemListElement":[{"@type":"ListItem","position":1,"name":"Accueil","item":"https:\/\/www.magnacharge.com\/fr\/"},{"@type":"ListItem","position":2,"name":"Shop","item":"https:\/\/www.magnacharge.com\/fr\/shop\/"},{"@type":"ListItem","position":3,"name":"Batterie","item":"https:\/\/www.magnacharge.com\/fr\/product-category\/batteries\/"},{"@type":"ListItem","position":4,"name":"Magnacharge","item":"https:\/\/www.magnacharge.com\/fr\/product-category\/batteries\/magnacharge\/"},{"@type":"ListItem","position":5,"name":"Automobile et commercial","item":"https:\/\/www.magnacharge.com\/fr\/product-category\/batteries\/magnacharge\/automotive-and-commercial\/"},{"@type":"ListItem","position":6,"name":"Bornes lat\u00e9rales de d\u00e9marrage de v\u00e9hicules, 12 volts","item":"https:\/\/www.magnacharge.com\/fr\/product-category\/batteries\/magnacharge\/automotive-and-commercial\/automotive-starting-side-terminal-12-volt\/"},{"@type":"ListItem","position":7,"name":"75-850"}]},{"@type":"WebSite","@id":"https:\/\/www.magnacharge.com\/fr\/#website","url":"https:\/\/www.magnacharge.com\/fr\/","name":"Magnacharge","description":"","potentialAction":[{"@type":"SearchAction","target":{"@type":"EntryPoint","urlTemplate":"https:\/\/www.magnacharge.com\/fr\/?s={search_term_string}"},"query-input":{"@type":"PropertyValueSpecification","valueRequired":true,"valueName":"search_term_string"}}],"inLanguage":"en-US"}]}},"_links":{"self":[{"href":"https:\/\/www.magnacharge.com\/fr\/wp-json\/wp\/v2\/product\/820","targetHints":{"allow":["GET"]}}],"collection":[{"href":"https:\/\/www.magnacharge.com\/fr\/wp-json\/wp\/v2\/product"}],"about":[{"href":"https:\/\/www.magnacharge.com\/fr\/wp-json\/wp\/v2\/types\/product"}],"wp:featuredmedia":[{"embeddable":true,"href":"https:\/\/www.magnacharge.com\/fr\/wp-json\/wp\/v2\/media\/3920"}],"wp:attachment":[{"href":"https:\/\/www.magnacharge.com\/fr\/wp-json\/wp\/v2\/media?parent=820"}],"wp:term":[{"taxonomy":"product_brand","embeddable":true,"href":"https:\/\/www.magnacharge.com\/fr\/wp-json\/wp\/v2\/product_brand?post=820"},{"taxonomy":"product_cat","embeddable":true,"href":"https:\/\/www.magnacharge.com\/fr\/wp-json\/wp\/v2\/product_cat?post=820"},{"taxonomy":"product_tag","embeddable":true,"href":"https:\/\/www.magnacharge.com\/fr\/wp-json\/wp\/v2\/product_tag?post=820"}],"curies":[{"name":"wp","href":"https:\/\/api.w.org\/{rel}","templated":true}]}}