{"id":5122,"date":"2023-09-11T22:30:06","date_gmt":"2023-09-11T22:30:06","guid":{"rendered":"https:\/\/magenglish.innoplore.com\/?post_type=product&#038;p=5122"},"modified":"2023-11-02T18:35:24","modified_gmt":"2023-11-02T18:35:24","slug":"24dc-130","status":"publish","type":"product","link":"https:\/\/www.magnacharge.com\/fr\/product\/24dc-130\/","title":{"rendered":"24DC-130"},"content":{"rendered":"<h2>Num\u00e9ro d&#8217;article<\/h2>\n<p class=\"bigger-font mb1\">24DC-130<\/p>\n<p class=\"bold-text mb1\">MAGNACHARGE 12V \u00c0 D\u00c9CHARGE PROFONDE \u2013 S\u00c9RIE \u00c0 DOUBLE USAGE<\/p>\n<p class=\"mb1\">Les camping-cars traditionnels ou les camping-cars plus enti\u00e8rement \u00e9quip\u00e9s peuvent b\u00e9n\u00e9ficier d&#8217;une alimentation fiable gr\u00e2ce \u00e0 la s\u00e9rie DC haut de gamme de Magnacharge. Con\u00e7ue dans un souci de luxe, de s\u00e9curit\u00e9 et de performances optimales, la s\u00e9rie DC est con\u00e7ue pour r\u00e9sister aux vibrations et offrir une puissance de cyclage \u00e9lev\u00e9e pour les applications industrielles les plus exigeantes, tout en garantissant des ann\u00e9es d&#8217;utilisation saisonni\u00e8re fiable et une exp\u00e9rience passionnante \u00e0 chaque fois.<\/p>\n<ul class=\"fab\">\n<li>Poign\u00e9e ergonomique<\/li>\n<li>Conception flexible pour la semi-traction (cyclage profond) et le d\u00e9marrage<\/li>\n<li>Mat\u00e9riau actif haute densit\u00e9<\/li>\n<li>Indicateur Oeil Magique<\/li>\n<li>Tissus sp\u00e9ciaux et &amp; Microfibre<\/li>\n<li>Conception r\u00e9sistante aux vibrations<\/li>\n<li>Technologie X-Frame<\/li>\n<\/ul>\n","protected":false},"excerpt":{"rendered":"<p>Num\u00e9ro d&#8217;article 24DC-130 MAGNACHARGE 12V \u00c0 D\u00c9CHARGE PROFONDE \u2013 S\u00c9RIE \u00c0 DOUBLE USAGE Les camping-cars traditionnels ou les camping-cars plus enti\u00e8rement \u00e9quip\u00e9s peuvent b\u00e9n\u00e9ficier d&#8217;une alimentation fiable gr\u00e2ce \u00e0 la s\u00e9rie DC haut de gamme de Magnacharge. Con\u00e7ue dans un souci de luxe, de s\u00e9curit\u00e9 et de performances optimales, la s\u00e9rie DC est con\u00e7ue pour [&hellip;]<\/p>\n","protected":false},"featured_media":3625,"template":"","meta":{"_acf_changed":false},"product_brand":[],"product_cat":[32,50,55,58],"product_tag":[],"class_list":{"0":"post-5122","1":"product","2":"type-product","3":"status-publish","4":"has-post-thumbnail","6":"product_cat-dc-series-12-volt-deep-cycle","7":"product_cat-dc-series-12-volt-deep-cycle-floor-machines","8":"product_cat-dc-series-12-volt-deep-cycle-golf-rv-and-marine","9":"product_cat-dc-series-12-volt-deep-cycle-natural-resources","11":"first","12":"instock","13":"shipping-taxable","14":"product-type-simple"},"acf":[],"yoast_head":"<!-- This site is optimized with the Yoast SEO plugin v27.3 - https:\/\/yoast.com\/product\/yoast-seo-wordpress\/ -->\n<title>24DC-130 - Magnacharge<\/title>\n<meta name=\"robots\" content=\"index, follow, max-snippet:-1, max-image-preview:large, max-video-preview:-1\" \/>\n<link rel=\"canonical\" href=\"https:\/\/www.magnacharge.com\/fr\/product\/24dc-130\/\" \/>\n<meta property=\"og:locale\" content=\"en_US\" \/>\n<meta property=\"og:type\" content=\"article\" \/>\n<meta property=\"og:title\" content=\"24DC-130 - Magnacharge\" \/>\n<meta property=\"og:description\" content=\"Num\u00e9ro d&#8217;article 24DC-130 MAGNACHARGE 12V \u00c0 D\u00c9CHARGE PROFONDE \u2013 S\u00c9RIE \u00c0 DOUBLE USAGE Les camping-cars traditionnels ou les camping-cars plus enti\u00e8rement \u00e9quip\u00e9s peuvent b\u00e9n\u00e9ficier d&#8217;une alimentation fiable gr\u00e2ce \u00e0 la s\u00e9rie DC haut de gamme de Magnacharge. Con\u00e7ue dans un souci de luxe, de s\u00e9curit\u00e9 et de performances optimales, la s\u00e9rie DC est con\u00e7ue pour [&hellip;]\" \/>\n<meta property=\"og:url\" content=\"https:\/\/www.magnacharge.com\/fr\/product\/24dc-130\/\" \/>\n<meta property=\"og:site_name\" content=\"Magnacharge\" \/>\n<meta property=\"article:modified_time\" content=\"2023-11-02T18:35:24+00:00\" \/>\n<meta property=\"og:image\" content=\"https:\/\/www.magnacharge.com\/fr\/wp-content\/uploads\/2022\/08\/24dc-130-1.jpg\" \/>\n\t<meta property=\"og:image:width\" content=\"1000\" \/>\n\t<meta property=\"og:image:height\" content=\"1000\" \/>\n\t<meta property=\"og:image:type\" content=\"image\/jpeg\" \/>\n<meta name=\"twitter:card\" content=\"summary_large_image\" \/>\n<meta name=\"twitter:label1\" content=\"Est. reading time\" \/>\n\t<meta name=\"twitter:data1\" content=\"1 minute\" \/>\n<script type=\"application\/ld+json\" class=\"yoast-schema-graph\">{\"@context\":\"https:\\\/\\\/schema.org\",\"@graph\":[{\"@type\":\"WebPage\",\"@id\":\"https:\\\/\\\/www.magnacharge.com\\\/fr\\\/product\\\/24dc-130\\\/\",\"url\":\"https:\\\/\\\/www.magnacharge.com\\\/fr\\\/product\\\/24dc-130\\\/\",\"name\":\"24DC-130 - Magnacharge\",\"isPartOf\":{\"@id\":\"https:\\\/\\\/www.magnacharge.com\\\/fr\\\/#website\"},\"primaryImageOfPage\":{\"@id\":\"https:\\\/\\\/www.magnacharge.com\\\/fr\\\/product\\\/24dc-130\\\/#primaryimage\"},\"image\":{\"@id\":\"https:\\\/\\\/www.magnacharge.com\\\/fr\\\/product\\\/24dc-130\\\/#primaryimage\"},\"thumbnailUrl\":\"https:\\\/\\\/www.magnacharge.com\\\/fr\\\/wp-content\\\/uploads\\\/2022\\\/08\\\/24dc-130-1.jpg\",\"datePublished\":\"2023-09-11T22:30:06+00:00\",\"dateModified\":\"2023-11-02T18:35:24+00:00\",\"breadcrumb\":{\"@id\":\"https:\\\/\\\/www.magnacharge.com\\\/fr\\\/product\\\/24dc-130\\\/#breadcrumb\"},\"inLanguage\":\"en-US\",\"potentialAction\":[{\"@type\":\"ReadAction\",\"target\":[\"https:\\\/\\\/www.magnacharge.com\\\/fr\\\/product\\\/24dc-130\\\/\"]}]},{\"@type\":\"ImageObject\",\"inLanguage\":\"en-US\",\"@id\":\"https:\\\/\\\/www.magnacharge.com\\\/fr\\\/product\\\/24dc-130\\\/#primaryimage\",\"url\":\"https:\\\/\\\/www.magnacharge.com\\\/fr\\\/wp-content\\\/uploads\\\/2022\\\/08\\\/24dc-130-1.jpg\",\"contentUrl\":\"https:\\\/\\\/www.magnacharge.com\\\/fr\\\/wp-content\\\/uploads\\\/2022\\\/08\\\/24dc-130-1.jpg\",\"width\":1000,\"height\":1000},{\"@type\":\"BreadcrumbList\",\"@id\":\"https:\\\/\\\/www.magnacharge.com\\\/fr\\\/product\\\/24dc-130\\\/#breadcrumb\",\"itemListElement\":[{\"@type\":\"ListItem\",\"position\":1,\"name\":\"Accueil\",\"item\":\"https:\\\/\\\/www.magnacharge.com\\\/fr\\\/\"},{\"@type\":\"ListItem\",\"position\":2,\"name\":\"Shop\",\"item\":\"https:\\\/\\\/www.magnacharge.com\\\/fr\\\/shop\\\/\"},{\"@type\":\"ListItem\",\"position\":3,\"name\":\"Batterie\",\"item\":\"https:\\\/\\\/www.magnacharge.com\\\/fr\\\/product-category\\\/batteries\\\/\"},{\"@type\":\"ListItem\",\"position\":4,\"name\":\"Magnacharge\",\"item\":\"https:\\\/\\\/www.magnacharge.com\\\/fr\\\/product-category\\\/batteries\\\/magnacharge\\\/\"},{\"@type\":\"ListItem\",\"position\":5,\"name\":\"Ressources naturelles\",\"item\":\"https:\\\/\\\/www.magnacharge.com\\\/fr\\\/product-category\\\/batteries\\\/magnacharge\\\/natural-resources\\\/\"},{\"@type\":\"ListItem\",\"position\":6,\"name\":\"S\u00e9rie CC 12 volts \u00e0 d\u00e9charge profonde\",\"item\":\"https:\\\/\\\/www.magnacharge.com\\\/fr\\\/product-category\\\/batteries\\\/magnacharge\\\/natural-resources\\\/dc-series-12-volt-deep-cycle-natural-resources\\\/\"},{\"@type\":\"ListItem\",\"position\":7,\"name\":\"24DC-130\"}]},{\"@type\":\"WebSite\",\"@id\":\"https:\\\/\\\/www.magnacharge.com\\\/fr\\\/#website\",\"url\":\"https:\\\/\\\/www.magnacharge.com\\\/fr\\\/\",\"name\":\"Magnacharge\",\"description\":\"\",\"potentialAction\":[{\"@type\":\"SearchAction\",\"target\":{\"@type\":\"EntryPoint\",\"urlTemplate\":\"https:\\\/\\\/www.magnacharge.com\\\/fr\\\/?s={search_term_string}\"},\"query-input\":{\"@type\":\"PropertyValueSpecification\",\"valueRequired\":true,\"valueName\":\"search_term_string\"}}],\"inLanguage\":\"en-US\"}]}<\/script>\n<!-- \/ Yoast SEO plugin. -->","yoast_head_json":{"title":"24DC-130 - Magnacharge","robots":{"index":"index","follow":"follow","max-snippet":"max-snippet:-1","max-image-preview":"max-image-preview:large","max-video-preview":"max-video-preview:-1"},"canonical":"https:\/\/www.magnacharge.com\/fr\/product\/24dc-130\/","og_locale":"en_US","og_type":"article","og_title":"24DC-130 - Magnacharge","og_description":"Num\u00e9ro d&#8217;article 24DC-130 MAGNACHARGE 12V \u00c0 D\u00c9CHARGE PROFONDE \u2013 S\u00c9RIE \u00c0 DOUBLE USAGE Les camping-cars traditionnels ou les camping-cars plus enti\u00e8rement \u00e9quip\u00e9s peuvent b\u00e9n\u00e9ficier d&#8217;une alimentation fiable gr\u00e2ce \u00e0 la s\u00e9rie DC haut de gamme de Magnacharge. Con\u00e7ue dans un souci de luxe, de s\u00e9curit\u00e9 et de performances optimales, la s\u00e9rie DC est con\u00e7ue pour [&hellip;]","og_url":"https:\/\/www.magnacharge.com\/fr\/product\/24dc-130\/","og_site_name":"Magnacharge","article_modified_time":"2023-11-02T18:35:24+00:00","og_image":[{"width":1000,"height":1000,"url":"https:\/\/www.magnacharge.com\/fr\/wp-content\/uploads\/2022\/08\/24dc-130-1.jpg","type":"image\/jpeg"}],"twitter_card":"summary_large_image","twitter_misc":{"Est. reading time":"1 minute"},"schema":{"@context":"https:\/\/schema.org","@graph":[{"@type":"WebPage","@id":"https:\/\/www.magnacharge.com\/fr\/product\/24dc-130\/","url":"https:\/\/www.magnacharge.com\/fr\/product\/24dc-130\/","name":"24DC-130 - Magnacharge","isPartOf":{"@id":"https:\/\/www.magnacharge.com\/fr\/#website"},"primaryImageOfPage":{"@id":"https:\/\/www.magnacharge.com\/fr\/product\/24dc-130\/#primaryimage"},"image":{"@id":"https:\/\/www.magnacharge.com\/fr\/product\/24dc-130\/#primaryimage"},"thumbnailUrl":"https:\/\/www.magnacharge.com\/fr\/wp-content\/uploads\/2022\/08\/24dc-130-1.jpg","datePublished":"2023-09-11T22:30:06+00:00","dateModified":"2023-11-02T18:35:24+00:00","breadcrumb":{"@id":"https:\/\/www.magnacharge.com\/fr\/product\/24dc-130\/#breadcrumb"},"inLanguage":"en-US","potentialAction":[{"@type":"ReadAction","target":["https:\/\/www.magnacharge.com\/fr\/product\/24dc-130\/"]}]},{"@type":"ImageObject","inLanguage":"en-US","@id":"https:\/\/www.magnacharge.com\/fr\/product\/24dc-130\/#primaryimage","url":"https:\/\/www.magnacharge.com\/fr\/wp-content\/uploads\/2022\/08\/24dc-130-1.jpg","contentUrl":"https:\/\/www.magnacharge.com\/fr\/wp-content\/uploads\/2022\/08\/24dc-130-1.jpg","width":1000,"height":1000},{"@type":"BreadcrumbList","@id":"https:\/\/www.magnacharge.com\/fr\/product\/24dc-130\/#breadcrumb","itemListElement":[{"@type":"ListItem","position":1,"name":"Accueil","item":"https:\/\/www.magnacharge.com\/fr\/"},{"@type":"ListItem","position":2,"name":"Shop","item":"https:\/\/www.magnacharge.com\/fr\/shop\/"},{"@type":"ListItem","position":3,"name":"Batterie","item":"https:\/\/www.magnacharge.com\/fr\/product-category\/batteries\/"},{"@type":"ListItem","position":4,"name":"Magnacharge","item":"https:\/\/www.magnacharge.com\/fr\/product-category\/batteries\/magnacharge\/"},{"@type":"ListItem","position":5,"name":"Ressources naturelles","item":"https:\/\/www.magnacharge.com\/fr\/product-category\/batteries\/magnacharge\/natural-resources\/"},{"@type":"ListItem","position":6,"name":"S\u00e9rie CC 12 volts \u00e0 d\u00e9charge profonde","item":"https:\/\/www.magnacharge.com\/fr\/product-category\/batteries\/magnacharge\/natural-resources\/dc-series-12-volt-deep-cycle-natural-resources\/"},{"@type":"ListItem","position":7,"name":"24DC-130"}]},{"@type":"WebSite","@id":"https:\/\/www.magnacharge.com\/fr\/#website","url":"https:\/\/www.magnacharge.com\/fr\/","name":"Magnacharge","description":"","potentialAction":[{"@type":"SearchAction","target":{"@type":"EntryPoint","urlTemplate":"https:\/\/www.magnacharge.com\/fr\/?s={search_term_string}"},"query-input":{"@type":"PropertyValueSpecification","valueRequired":true,"valueName":"search_term_string"}}],"inLanguage":"en-US"}]}},"_links":{"self":[{"href":"https:\/\/www.magnacharge.com\/fr\/wp-json\/wp\/v2\/product\/5122","targetHints":{"allow":["GET"]}}],"collection":[{"href":"https:\/\/www.magnacharge.com\/fr\/wp-json\/wp\/v2\/product"}],"about":[{"href":"https:\/\/www.magnacharge.com\/fr\/wp-json\/wp\/v2\/types\/product"}],"wp:featuredmedia":[{"embeddable":true,"href":"https:\/\/www.magnacharge.com\/fr\/wp-json\/wp\/v2\/media\/3625"}],"wp:attachment":[{"href":"https:\/\/www.magnacharge.com\/fr\/wp-json\/wp\/v2\/media?parent=5122"}],"wp:term":[{"taxonomy":"product_brand","embeddable":true,"href":"https:\/\/www.magnacharge.com\/fr\/wp-json\/wp\/v2\/product_brand?post=5122"},{"taxonomy":"product_cat","embeddable":true,"href":"https:\/\/www.magnacharge.com\/fr\/wp-json\/wp\/v2\/product_cat?post=5122"},{"taxonomy":"product_tag","embeddable":true,"href":"https:\/\/www.magnacharge.com\/fr\/wp-json\/wp\/v2\/product_tag?post=5122"}],"curies":[{"name":"wp","href":"https:\/\/api.w.org\/{rel}","templated":true}]}}