{"id":2287,"date":"2022-11-09T15:50:44","date_gmt":"2022-11-09T15:50:44","guid":{"rendered":"https:\/\/magnacharge.innoplore.com\/?post_type=product&#038;p=2287"},"modified":"2023-11-15T17:03:24","modified_gmt":"2023-11-15T17:03:24","slug":"odp-agm65","status":"publish","type":"product","link":"https:\/\/www.magnacharge.com\/fr\/product\/odp-agm65\/","title":{"rendered":"ODP-AGM65"},"content":{"rendered":"<h2>Num\u00e9ro de pi\u00e8ce<\/h2>\n<p class=\"bigger-font mb1\">ODP-AGM65<\/p>\n<p class=\"bold-text mb1\">Batterie AGM s\u00e9rie Performance<\/p>\n<p class=\"mb1\">Les batteries AGM (Absorbed Glass Mat) ODYSSEY sont con\u00e7ues pour r\u00e9pondre \u00e0 l&#8217;utilisation accrue d&#8217;accessoires embarqu\u00e9s dans les v\u00e9hicules d&#8217;aujourd&#8217;hui. Les batteries ODYSSEY Performance Series combinent une longue dur\u00e9e de vie, une fiabilit\u00e9 \u00e9lev\u00e9e et des capacit\u00e9s de cycle profond. La performance<\/p>\n<ul class=\"fab\">\n<li>Plaques de plomb pur \u00e0 99\u00a0%<\/li>\n<li>Tension hautement stable pendant de longues p\u00e9riodes<\/li>\n<li>Bornes en laiton avec rev\u00eatement en alliage d&#8217;\u00e9tain<\/li>\n<li>R\u00e9sistant aux vibrations<\/li>\n<\/ul>\n","protected":false},"excerpt":{"rendered":"<p>Num\u00e9ro de pi\u00e8ce ODP-AGM65 Batterie AGM s\u00e9rie Performance Les batteries AGM (Absorbed Glass Mat) ODYSSEY sont con\u00e7ues pour r\u00e9pondre \u00e0 l&#8217;utilisation accrue d&#8217;accessoires embarqu\u00e9s dans les v\u00e9hicules d&#8217;aujourd&#8217;hui. Les batteries ODYSSEY Performance Series combinent une longue dur\u00e9e de vie, une fiabilit\u00e9 \u00e9lev\u00e9e et des capacit\u00e9s de cycle profond. La performance Plaques de plomb pur \u00e0 [&hellip;]<\/p>\n","protected":false},"featured_media":4658,"template":"","meta":{"_acf_changed":false},"product_brand":[],"product_cat":[104,107],"product_tag":[],"class_list":{"0":"post-2287","1":"product","2":"type-product","3":"status-publish","4":"has-post-thumbnail","6":"product_cat-performance-series","7":"product_cat-performance-series-golf-rv-and-marine-odyssey-battery","9":"first","10":"instock","11":"shipping-taxable","12":"product-type-simple"},"acf":[],"yoast_head":"<!-- This site is optimized with the Yoast SEO plugin v27.3 - https:\/\/yoast.com\/product\/yoast-seo-wordpress\/ -->\n<title>ODP-AGM65 - Magnacharge<\/title>\n<meta name=\"robots\" content=\"index, follow, max-snippet:-1, max-image-preview:large, max-video-preview:-1\" \/>\n<link rel=\"canonical\" href=\"https:\/\/www.magnacharge.com\/fr\/product\/odp-agm65\/\" \/>\n<meta property=\"og:locale\" content=\"en_US\" \/>\n<meta property=\"og:type\" content=\"article\" \/>\n<meta property=\"og:title\" content=\"ODP-AGM65 - Magnacharge\" \/>\n<meta property=\"og:description\" content=\"Num\u00e9ro de pi\u00e8ce ODP-AGM65 Batterie AGM s\u00e9rie Performance Les batteries AGM (Absorbed Glass Mat) ODYSSEY sont con\u00e7ues pour r\u00e9pondre \u00e0 l&#8217;utilisation accrue d&#8217;accessoires embarqu\u00e9s dans les v\u00e9hicules d&#8217;aujourd&#8217;hui. Les batteries ODYSSEY Performance Series combinent une longue dur\u00e9e de vie, une fiabilit\u00e9 \u00e9lev\u00e9e et des capacit\u00e9s de cycle profond. La performance Plaques de plomb pur \u00e0 [&hellip;]\" \/>\n<meta property=\"og:url\" content=\"https:\/\/www.magnacharge.com\/fr\/product\/odp-agm65\/\" \/>\n<meta property=\"og:site_name\" content=\"Magnacharge\" \/>\n<meta property=\"article:modified_time\" content=\"2023-11-15T17:03:24+00:00\" \/>\n<meta property=\"og:image\" content=\"https:\/\/www.magnacharge.com\/fr\/wp-content\/uploads\/2022\/11\/65-760.jpg\" \/>\n\t<meta property=\"og:image:width\" content=\"1000\" \/>\n\t<meta property=\"og:image:height\" content=\"1000\" \/>\n\t<meta property=\"og:image:type\" content=\"image\/jpeg\" \/>\n<meta name=\"twitter:card\" content=\"summary_large_image\" \/>\n<meta name=\"twitter:label1\" content=\"Est. reading time\" \/>\n\t<meta name=\"twitter:data1\" content=\"1 minute\" \/>\n<script type=\"application\/ld+json\" class=\"yoast-schema-graph\">{\"@context\":\"https:\\\/\\\/schema.org\",\"@graph\":[{\"@type\":\"WebPage\",\"@id\":\"https:\\\/\\\/www.magnacharge.com\\\/fr\\\/product\\\/odp-agm65\\\/\",\"url\":\"https:\\\/\\\/www.magnacharge.com\\\/fr\\\/product\\\/odp-agm65\\\/\",\"name\":\"ODP-AGM65 - Magnacharge\",\"isPartOf\":{\"@id\":\"https:\\\/\\\/www.magnacharge.com\\\/fr\\\/#website\"},\"primaryImageOfPage\":{\"@id\":\"https:\\\/\\\/www.magnacharge.com\\\/fr\\\/product\\\/odp-agm65\\\/#primaryimage\"},\"image\":{\"@id\":\"https:\\\/\\\/www.magnacharge.com\\\/fr\\\/product\\\/odp-agm65\\\/#primaryimage\"},\"thumbnailUrl\":\"https:\\\/\\\/www.magnacharge.com\\\/fr\\\/wp-content\\\/uploads\\\/2022\\\/11\\\/65-760.jpg\",\"datePublished\":\"2022-11-09T15:50:44+00:00\",\"dateModified\":\"2023-11-15T17:03:24+00:00\",\"breadcrumb\":{\"@id\":\"https:\\\/\\\/www.magnacharge.com\\\/fr\\\/product\\\/odp-agm65\\\/#breadcrumb\"},\"inLanguage\":\"en-US\",\"potentialAction\":[{\"@type\":\"ReadAction\",\"target\":[\"https:\\\/\\\/www.magnacharge.com\\\/fr\\\/product\\\/odp-agm65\\\/\"]}]},{\"@type\":\"ImageObject\",\"inLanguage\":\"en-US\",\"@id\":\"https:\\\/\\\/www.magnacharge.com\\\/fr\\\/product\\\/odp-agm65\\\/#primaryimage\",\"url\":\"https:\\\/\\\/www.magnacharge.com\\\/fr\\\/wp-content\\\/uploads\\\/2022\\\/11\\\/65-760.jpg\",\"contentUrl\":\"https:\\\/\\\/www.magnacharge.com\\\/fr\\\/wp-content\\\/uploads\\\/2022\\\/11\\\/65-760.jpg\",\"width\":1000,\"height\":1000},{\"@type\":\"BreadcrumbList\",\"@id\":\"https:\\\/\\\/www.magnacharge.com\\\/fr\\\/product\\\/odp-agm65\\\/#breadcrumb\",\"itemListElement\":[{\"@type\":\"ListItem\",\"position\":1,\"name\":\"Accueil\",\"item\":\"https:\\\/\\\/www.magnacharge.com\\\/fr\\\/\"},{\"@type\":\"ListItem\",\"position\":2,\"name\":\"Shop\",\"item\":\"https:\\\/\\\/www.magnacharge.com\\\/fr\\\/shop\\\/\"},{\"@type\":\"ListItem\",\"position\":3,\"name\":\"Batterie\",\"item\":\"https:\\\/\\\/www.magnacharge.com\\\/fr\\\/product-category\\\/batteries\\\/\"},{\"@type\":\"ListItem\",\"position\":4,\"name\":\"Odyssey\",\"item\":\"https:\\\/\\\/www.magnacharge.com\\\/fr\\\/product-category\\\/batteries\\\/odyssey-battery\\\/\"},{\"@type\":\"ListItem\",\"position\":5,\"name\":\"Automobile et commercial\",\"item\":\"https:\\\/\\\/www.magnacharge.com\\\/fr\\\/product-category\\\/batteries\\\/odyssey-battery\\\/automotive-and-commercial-odyssey-battery\\\/\"},{\"@type\":\"ListItem\",\"position\":6,\"name\":\"S\u00e9rie Performances\",\"item\":\"https:\\\/\\\/www.magnacharge.com\\\/fr\\\/product-category\\\/batteries\\\/odyssey-battery\\\/automotive-and-commercial-odyssey-battery\\\/performance-series\\\/\"},{\"@type\":\"ListItem\",\"position\":7,\"name\":\"ODP-AGM65\"}]},{\"@type\":\"WebSite\",\"@id\":\"https:\\\/\\\/www.magnacharge.com\\\/fr\\\/#website\",\"url\":\"https:\\\/\\\/www.magnacharge.com\\\/fr\\\/\",\"name\":\"Magnacharge\",\"description\":\"\",\"potentialAction\":[{\"@type\":\"SearchAction\",\"target\":{\"@type\":\"EntryPoint\",\"urlTemplate\":\"https:\\\/\\\/www.magnacharge.com\\\/fr\\\/?s={search_term_string}\"},\"query-input\":{\"@type\":\"PropertyValueSpecification\",\"valueRequired\":true,\"valueName\":\"search_term_string\"}}],\"inLanguage\":\"en-US\"}]}<\/script>\n<!-- \/ Yoast SEO plugin. -->","yoast_head_json":{"title":"ODP-AGM65 - Magnacharge","robots":{"index":"index","follow":"follow","max-snippet":"max-snippet:-1","max-image-preview":"max-image-preview:large","max-video-preview":"max-video-preview:-1"},"canonical":"https:\/\/www.magnacharge.com\/fr\/product\/odp-agm65\/","og_locale":"en_US","og_type":"article","og_title":"ODP-AGM65 - Magnacharge","og_description":"Num\u00e9ro de pi\u00e8ce ODP-AGM65 Batterie AGM s\u00e9rie Performance Les batteries AGM (Absorbed Glass Mat) ODYSSEY sont con\u00e7ues pour r\u00e9pondre \u00e0 l&#8217;utilisation accrue d&#8217;accessoires embarqu\u00e9s dans les v\u00e9hicules d&#8217;aujourd&#8217;hui. Les batteries ODYSSEY Performance Series combinent une longue dur\u00e9e de vie, une fiabilit\u00e9 \u00e9lev\u00e9e et des capacit\u00e9s de cycle profond. La performance Plaques de plomb pur \u00e0 [&hellip;]","og_url":"https:\/\/www.magnacharge.com\/fr\/product\/odp-agm65\/","og_site_name":"Magnacharge","article_modified_time":"2023-11-15T17:03:24+00:00","og_image":[{"width":1000,"height":1000,"url":"https:\/\/www.magnacharge.com\/fr\/wp-content\/uploads\/2022\/11\/65-760.jpg","type":"image\/jpeg"}],"twitter_card":"summary_large_image","twitter_misc":{"Est. reading time":"1 minute"},"schema":{"@context":"https:\/\/schema.org","@graph":[{"@type":"WebPage","@id":"https:\/\/www.magnacharge.com\/fr\/product\/odp-agm65\/","url":"https:\/\/www.magnacharge.com\/fr\/product\/odp-agm65\/","name":"ODP-AGM65 - Magnacharge","isPartOf":{"@id":"https:\/\/www.magnacharge.com\/fr\/#website"},"primaryImageOfPage":{"@id":"https:\/\/www.magnacharge.com\/fr\/product\/odp-agm65\/#primaryimage"},"image":{"@id":"https:\/\/www.magnacharge.com\/fr\/product\/odp-agm65\/#primaryimage"},"thumbnailUrl":"https:\/\/www.magnacharge.com\/fr\/wp-content\/uploads\/2022\/11\/65-760.jpg","datePublished":"2022-11-09T15:50:44+00:00","dateModified":"2023-11-15T17:03:24+00:00","breadcrumb":{"@id":"https:\/\/www.magnacharge.com\/fr\/product\/odp-agm65\/#breadcrumb"},"inLanguage":"en-US","potentialAction":[{"@type":"ReadAction","target":["https:\/\/www.magnacharge.com\/fr\/product\/odp-agm65\/"]}]},{"@type":"ImageObject","inLanguage":"en-US","@id":"https:\/\/www.magnacharge.com\/fr\/product\/odp-agm65\/#primaryimage","url":"https:\/\/www.magnacharge.com\/fr\/wp-content\/uploads\/2022\/11\/65-760.jpg","contentUrl":"https:\/\/www.magnacharge.com\/fr\/wp-content\/uploads\/2022\/11\/65-760.jpg","width":1000,"height":1000},{"@type":"BreadcrumbList","@id":"https:\/\/www.magnacharge.com\/fr\/product\/odp-agm65\/#breadcrumb","itemListElement":[{"@type":"ListItem","position":1,"name":"Accueil","item":"https:\/\/www.magnacharge.com\/fr\/"},{"@type":"ListItem","position":2,"name":"Shop","item":"https:\/\/www.magnacharge.com\/fr\/shop\/"},{"@type":"ListItem","position":3,"name":"Batterie","item":"https:\/\/www.magnacharge.com\/fr\/product-category\/batteries\/"},{"@type":"ListItem","position":4,"name":"Odyssey","item":"https:\/\/www.magnacharge.com\/fr\/product-category\/batteries\/odyssey-battery\/"},{"@type":"ListItem","position":5,"name":"Automobile et commercial","item":"https:\/\/www.magnacharge.com\/fr\/product-category\/batteries\/odyssey-battery\/automotive-and-commercial-odyssey-battery\/"},{"@type":"ListItem","position":6,"name":"S\u00e9rie Performances","item":"https:\/\/www.magnacharge.com\/fr\/product-category\/batteries\/odyssey-battery\/automotive-and-commercial-odyssey-battery\/performance-series\/"},{"@type":"ListItem","position":7,"name":"ODP-AGM65"}]},{"@type":"WebSite","@id":"https:\/\/www.magnacharge.com\/fr\/#website","url":"https:\/\/www.magnacharge.com\/fr\/","name":"Magnacharge","description":"","potentialAction":[{"@type":"SearchAction","target":{"@type":"EntryPoint","urlTemplate":"https:\/\/www.magnacharge.com\/fr\/?s={search_term_string}"},"query-input":{"@type":"PropertyValueSpecification","valueRequired":true,"valueName":"search_term_string"}}],"inLanguage":"en-US"}]}},"_links":{"self":[{"href":"https:\/\/www.magnacharge.com\/fr\/wp-json\/wp\/v2\/product\/2287","targetHints":{"allow":["GET"]}}],"collection":[{"href":"https:\/\/www.magnacharge.com\/fr\/wp-json\/wp\/v2\/product"}],"about":[{"href":"https:\/\/www.magnacharge.com\/fr\/wp-json\/wp\/v2\/types\/product"}],"wp:featuredmedia":[{"embeddable":true,"href":"https:\/\/www.magnacharge.com\/fr\/wp-json\/wp\/v2\/media\/4658"}],"wp:attachment":[{"href":"https:\/\/www.magnacharge.com\/fr\/wp-json\/wp\/v2\/media?parent=2287"}],"wp:term":[{"taxonomy":"product_brand","embeddable":true,"href":"https:\/\/www.magnacharge.com\/fr\/wp-json\/wp\/v2\/product_brand?post=2287"},{"taxonomy":"product_cat","embeddable":true,"href":"https:\/\/www.magnacharge.com\/fr\/wp-json\/wp\/v2\/product_cat?post=2287"},{"taxonomy":"product_tag","embeddable":true,"href":"https:\/\/www.magnacharge.com\/fr\/wp-json\/wp\/v2\/product_tag?post=2287"}],"curies":[{"name":"wp","href":"https:\/\/api.w.org\/{rel}","templated":true}]}}