{"id":2173,"date":"2022-11-06T10:36:28","date_gmt":"2022-11-06T10:36:28","guid":{"rendered":"https:\/\/magnacharge.innoplore.com\/?post_type=product&#038;p=2173"},"modified":"2023-09-25T14:37:36","modified_gmt":"2023-09-25T14:37:36","slug":"j250p","status":"publish","type":"product","link":"https:\/\/www.magnacharge.com\/fr\/product\/j250p\/","title":{"rendered":"J250P"},"content":{"rendered":"<br \/>\n<h2>Num\u00e9ro d&#8217;article<\/h2>\n<p class=\"bigger-font mb1\">J250P<\/p>\n<p class=\"bold-text mb1\">Batterie inond\u00e9e \u00e0 cycle profond<\/p>\n<p class=\"mb1\">La s\u00e9rie AC offre une large gamme de batteries noy\u00e9es\/humides fiables dans des tailles de 6 volts et 12 volts, et offre de nombreuses fonctionnalit\u00e9s et avantages par rapport aux batteries concurrentes.<br \/>\nLes batteries \u00e0 d\u00e9charge profonde Plus Series\u2122 de Trojan offrent des fonctionnalit\u00e9s et des avantages haut de gamme in\u00e9gal\u00e9s \u00e0 nos clients et comprennent notre s\u00e9parateur exclusif Maxguard\u00ae Advanced Design et la p\u00e2te Alpha Plus\u00ae avec T2 Technology\u2122.<br \/>\nPerformances exceptionnelles et longue dur\u00e9e de vie, les batteries de d\u00e9marrage 12 V \u00e0 d\u00e9charge profonde de Trojan sont id\u00e9ales pour une vari\u00e9t\u00e9 d&#8217;applications marines et de camping-car.<br \/>\nV\u00e9ritable centrale \u00e9lectrique polyvalente, la gamme Signature pr\u00e9sente l&#8217;ing\u00e9nierie historiquement \u00e9prouv\u00e9e de Trojan avec T2 Technology\u2122, une technologie de batterie avanc\u00e9e pour des performances soutenues maximales, une dur\u00e9e de vie plus longue et une \u00e9nergie totale accrue.<\/p>\n<ul class=\"fab\">\n<li>\n<p>P\u00e2te Alpha Plus\u00ae avec technologie T2<\/p>\n<\/li>\n<li>\n<p>Dur\u00e9e de vie plus longue et \u00e9nergie totale accrue<\/p>\n<\/li>\n<li>\n<p>S\u00e9parateur Maxguard T2<\/p>\n<\/li>\n<li>\n<p>Durabilit\u00e9 robuste et performances exceptionnelles<\/p>\n<\/li>\n<\/ul>\n","protected":false},"excerpt":{"rendered":"<p>Num\u00e9ro d&#8217;article J250P Batterie inond\u00e9e \u00e0 cycle profond La s\u00e9rie AC offre une large gamme de batteries noy\u00e9es\/humides fiables dans des tailles de 6 volts et 12 volts, et offre de nombreuses fonctionnalit\u00e9s et avantages par rapport aux batteries concurrentes. Les batteries \u00e0 d\u00e9charge profonde Plus Series\u2122 de Trojan offrent des fonctionnalit\u00e9s et des avantages [&hellip;]<\/p>\n","protected":false},"featured_media":4754,"template":"","meta":{"_acf_changed":false},"product_brand":[],"product_cat":[142],"product_tag":[],"class_list":{"0":"post-2173","1":"product","2":"type-product","3":"status-publish","4":"has-post-thumbnail","6":"product_cat-dc-flooded-natural-resources-trojan","8":"first","9":"instock","10":"shipping-taxable","11":"product-type-simple"},"acf":[],"yoast_head":"<!-- This site is optimized with the Yoast SEO plugin v27.3 - https:\/\/yoast.com\/product\/yoast-seo-wordpress\/ -->\n<title>J250P - Magnacharge<\/title>\n<meta name=\"robots\" content=\"index, follow, max-snippet:-1, max-image-preview:large, max-video-preview:-1\" \/>\n<link rel=\"canonical\" href=\"https:\/\/www.magnacharge.com\/fr\/product\/j250p\/\" \/>\n<meta property=\"og:locale\" content=\"en_US\" \/>\n<meta property=\"og:type\" content=\"article\" \/>\n<meta property=\"og:title\" content=\"J250P - Magnacharge\" \/>\n<meta property=\"og:description\" content=\"Num\u00e9ro d&#8217;article J250P Batterie inond\u00e9e \u00e0 cycle profond La s\u00e9rie AC offre une large gamme de batteries noy\u00e9es\/humides fiables dans des tailles de 6 volts et 12 volts, et offre de nombreuses fonctionnalit\u00e9s et avantages par rapport aux batteries concurrentes. Les batteries \u00e0 d\u00e9charge profonde Plus Series\u2122 de Trojan offrent des fonctionnalit\u00e9s et des avantages [&hellip;]\" \/>\n<meta property=\"og:url\" content=\"https:\/\/www.magnacharge.com\/fr\/product\/j250p\/\" \/>\n<meta property=\"og:site_name\" content=\"Magnacharge\" \/>\n<meta property=\"article:modified_time\" content=\"2023-09-25T14:37:36+00:00\" \/>\n<meta property=\"og:image\" content=\"https:\/\/www.magnacharge.com\/fr\/wp-content\/uploads\/2022\/11\/J250P.jpg\" \/>\n\t<meta property=\"og:image:width\" content=\"1000\" \/>\n\t<meta property=\"og:image:height\" content=\"1000\" \/>\n\t<meta property=\"og:image:type\" content=\"image\/jpeg\" \/>\n<meta name=\"twitter:card\" content=\"summary_large_image\" \/>\n<meta name=\"twitter:label1\" content=\"Est. reading time\" \/>\n\t<meta name=\"twitter:data1\" content=\"1 minute\" \/>\n<script type=\"application\/ld+json\" class=\"yoast-schema-graph\">{\"@context\":\"https:\\\/\\\/schema.org\",\"@graph\":[{\"@type\":\"WebPage\",\"@id\":\"https:\\\/\\\/www.magnacharge.com\\\/fr\\\/product\\\/j250p\\\/\",\"url\":\"https:\\\/\\\/www.magnacharge.com\\\/fr\\\/product\\\/j250p\\\/\",\"name\":\"J250P - Magnacharge\",\"isPartOf\":{\"@id\":\"https:\\\/\\\/www.magnacharge.com\\\/fr\\\/#website\"},\"primaryImageOfPage\":{\"@id\":\"https:\\\/\\\/www.magnacharge.com\\\/fr\\\/product\\\/j250p\\\/#primaryimage\"},\"image\":{\"@id\":\"https:\\\/\\\/www.magnacharge.com\\\/fr\\\/product\\\/j250p\\\/#primaryimage\"},\"thumbnailUrl\":\"https:\\\/\\\/www.magnacharge.com\\\/fr\\\/wp-content\\\/uploads\\\/2022\\\/11\\\/J250P.jpg\",\"datePublished\":\"2022-11-06T10:36:28+00:00\",\"dateModified\":\"2023-09-25T14:37:36+00:00\",\"breadcrumb\":{\"@id\":\"https:\\\/\\\/www.magnacharge.com\\\/fr\\\/product\\\/j250p\\\/#breadcrumb\"},\"inLanguage\":\"en-US\",\"potentialAction\":[{\"@type\":\"ReadAction\",\"target\":[\"https:\\\/\\\/www.magnacharge.com\\\/fr\\\/product\\\/j250p\\\/\"]}]},{\"@type\":\"ImageObject\",\"inLanguage\":\"en-US\",\"@id\":\"https:\\\/\\\/www.magnacharge.com\\\/fr\\\/product\\\/j250p\\\/#primaryimage\",\"url\":\"https:\\\/\\\/www.magnacharge.com\\\/fr\\\/wp-content\\\/uploads\\\/2022\\\/11\\\/J250P.jpg\",\"contentUrl\":\"https:\\\/\\\/www.magnacharge.com\\\/fr\\\/wp-content\\\/uploads\\\/2022\\\/11\\\/J250P.jpg\",\"width\":1000,\"height\":1000},{\"@type\":\"BreadcrumbList\",\"@id\":\"https:\\\/\\\/www.magnacharge.com\\\/fr\\\/product\\\/j250p\\\/#breadcrumb\",\"itemListElement\":[{\"@type\":\"ListItem\",\"position\":1,\"name\":\"Accueil\",\"item\":\"https:\\\/\\\/www.magnacharge.com\\\/fr\\\/\"},{\"@type\":\"ListItem\",\"position\":2,\"name\":\"Shop\",\"item\":\"https:\\\/\\\/www.magnacharge.com\\\/fr\\\/shop\\\/\"},{\"@type\":\"ListItem\",\"position\":3,\"name\":\"Batterie\",\"item\":\"https:\\\/\\\/www.magnacharge.com\\\/fr\\\/product-category\\\/batteries\\\/\"},{\"@type\":\"ListItem\",\"position\":4,\"name\":\"Trojan\",\"item\":\"https:\\\/\\\/www.magnacharge.com\\\/fr\\\/product-category\\\/batteries\\\/trojan\\\/\"},{\"@type\":\"ListItem\",\"position\":5,\"name\":\"Ressources naturelles\",\"item\":\"https:\\\/\\\/www.magnacharge.com\\\/fr\\\/product-category\\\/batteries\\\/trojan\\\/natural-resources-trojan\\\/\"},{\"@type\":\"ListItem\",\"position\":6,\"name\":\"DC inond\u00e9\",\"item\":\"https:\\\/\\\/www.magnacharge.com\\\/fr\\\/product-category\\\/batteries\\\/trojan\\\/natural-resources-trojan\\\/dc-flooded-natural-resources-trojan\\\/\"},{\"@type\":\"ListItem\",\"position\":7,\"name\":\"J250P\"}]},{\"@type\":\"WebSite\",\"@id\":\"https:\\\/\\\/www.magnacharge.com\\\/fr\\\/#website\",\"url\":\"https:\\\/\\\/www.magnacharge.com\\\/fr\\\/\",\"name\":\"Magnacharge\",\"description\":\"\",\"potentialAction\":[{\"@type\":\"SearchAction\",\"target\":{\"@type\":\"EntryPoint\",\"urlTemplate\":\"https:\\\/\\\/www.magnacharge.com\\\/fr\\\/?s={search_term_string}\"},\"query-input\":{\"@type\":\"PropertyValueSpecification\",\"valueRequired\":true,\"valueName\":\"search_term_string\"}}],\"inLanguage\":\"en-US\"}]}<\/script>\n<!-- \/ Yoast SEO plugin. -->","yoast_head_json":{"title":"J250P - Magnacharge","robots":{"index":"index","follow":"follow","max-snippet":"max-snippet:-1","max-image-preview":"max-image-preview:large","max-video-preview":"max-video-preview:-1"},"canonical":"https:\/\/www.magnacharge.com\/fr\/product\/j250p\/","og_locale":"en_US","og_type":"article","og_title":"J250P - Magnacharge","og_description":"Num\u00e9ro d&#8217;article J250P Batterie inond\u00e9e \u00e0 cycle profond La s\u00e9rie AC offre une large gamme de batteries noy\u00e9es\/humides fiables dans des tailles de 6 volts et 12 volts, et offre de nombreuses fonctionnalit\u00e9s et avantages par rapport aux batteries concurrentes. Les batteries \u00e0 d\u00e9charge profonde Plus Series\u2122 de Trojan offrent des fonctionnalit\u00e9s et des avantages [&hellip;]","og_url":"https:\/\/www.magnacharge.com\/fr\/product\/j250p\/","og_site_name":"Magnacharge","article_modified_time":"2023-09-25T14:37:36+00:00","og_image":[{"width":1000,"height":1000,"url":"https:\/\/www.magnacharge.com\/fr\/wp-content\/uploads\/2022\/11\/J250P.jpg","type":"image\/jpeg"}],"twitter_card":"summary_large_image","twitter_misc":{"Est. reading time":"1 minute"},"schema":{"@context":"https:\/\/schema.org","@graph":[{"@type":"WebPage","@id":"https:\/\/www.magnacharge.com\/fr\/product\/j250p\/","url":"https:\/\/www.magnacharge.com\/fr\/product\/j250p\/","name":"J250P - Magnacharge","isPartOf":{"@id":"https:\/\/www.magnacharge.com\/fr\/#website"},"primaryImageOfPage":{"@id":"https:\/\/www.magnacharge.com\/fr\/product\/j250p\/#primaryimage"},"image":{"@id":"https:\/\/www.magnacharge.com\/fr\/product\/j250p\/#primaryimage"},"thumbnailUrl":"https:\/\/www.magnacharge.com\/fr\/wp-content\/uploads\/2022\/11\/J250P.jpg","datePublished":"2022-11-06T10:36:28+00:00","dateModified":"2023-09-25T14:37:36+00:00","breadcrumb":{"@id":"https:\/\/www.magnacharge.com\/fr\/product\/j250p\/#breadcrumb"},"inLanguage":"en-US","potentialAction":[{"@type":"ReadAction","target":["https:\/\/www.magnacharge.com\/fr\/product\/j250p\/"]}]},{"@type":"ImageObject","inLanguage":"en-US","@id":"https:\/\/www.magnacharge.com\/fr\/product\/j250p\/#primaryimage","url":"https:\/\/www.magnacharge.com\/fr\/wp-content\/uploads\/2022\/11\/J250P.jpg","contentUrl":"https:\/\/www.magnacharge.com\/fr\/wp-content\/uploads\/2022\/11\/J250P.jpg","width":1000,"height":1000},{"@type":"BreadcrumbList","@id":"https:\/\/www.magnacharge.com\/fr\/product\/j250p\/#breadcrumb","itemListElement":[{"@type":"ListItem","position":1,"name":"Accueil","item":"https:\/\/www.magnacharge.com\/fr\/"},{"@type":"ListItem","position":2,"name":"Shop","item":"https:\/\/www.magnacharge.com\/fr\/shop\/"},{"@type":"ListItem","position":3,"name":"Batterie","item":"https:\/\/www.magnacharge.com\/fr\/product-category\/batteries\/"},{"@type":"ListItem","position":4,"name":"Trojan","item":"https:\/\/www.magnacharge.com\/fr\/product-category\/batteries\/trojan\/"},{"@type":"ListItem","position":5,"name":"Ressources naturelles","item":"https:\/\/www.magnacharge.com\/fr\/product-category\/batteries\/trojan\/natural-resources-trojan\/"},{"@type":"ListItem","position":6,"name":"DC inond\u00e9","item":"https:\/\/www.magnacharge.com\/fr\/product-category\/batteries\/trojan\/natural-resources-trojan\/dc-flooded-natural-resources-trojan\/"},{"@type":"ListItem","position":7,"name":"J250P"}]},{"@type":"WebSite","@id":"https:\/\/www.magnacharge.com\/fr\/#website","url":"https:\/\/www.magnacharge.com\/fr\/","name":"Magnacharge","description":"","potentialAction":[{"@type":"SearchAction","target":{"@type":"EntryPoint","urlTemplate":"https:\/\/www.magnacharge.com\/fr\/?s={search_term_string}"},"query-input":{"@type":"PropertyValueSpecification","valueRequired":true,"valueName":"search_term_string"}}],"inLanguage":"en-US"}]}},"_links":{"self":[{"href":"https:\/\/www.magnacharge.com\/fr\/wp-json\/wp\/v2\/product\/2173","targetHints":{"allow":["GET"]}}],"collection":[{"href":"https:\/\/www.magnacharge.com\/fr\/wp-json\/wp\/v2\/product"}],"about":[{"href":"https:\/\/www.magnacharge.com\/fr\/wp-json\/wp\/v2\/types\/product"}],"wp:featuredmedia":[{"embeddable":true,"href":"https:\/\/www.magnacharge.com\/fr\/wp-json\/wp\/v2\/media\/4754"}],"wp:attachment":[{"href":"https:\/\/www.magnacharge.com\/fr\/wp-json\/wp\/v2\/media?parent=2173"}],"wp:term":[{"taxonomy":"product_brand","embeddable":true,"href":"https:\/\/www.magnacharge.com\/fr\/wp-json\/wp\/v2\/product_brand?post=2173"},{"taxonomy":"product_cat","embeddable":true,"href":"https:\/\/www.magnacharge.com\/fr\/wp-json\/wp\/v2\/product_cat?post=2173"},{"taxonomy":"product_tag","embeddable":true,"href":"https:\/\/www.magnacharge.com\/fr\/wp-json\/wp\/v2\/product_tag?post=2173"}],"curies":[{"name":"wp","href":"https:\/\/api.w.org\/{rel}","templated":true}]}}