{"id":2121,"date":"2022-11-05T23:04:21","date_gmt":"2022-11-05T23:04:21","guid":{"rendered":"https:\/\/magnacharge.innoplore.com\/?post_type=product&#038;p=2121"},"modified":"2023-11-14T20:24:42","modified_gmt":"2023-11-14T20:24:42","slug":"odx-agm31mj","status":"publish","type":"product","link":"https:\/\/www.magnacharge.com\/fr\/product\/odx-agm31mj\/","title":{"rendered":"ODX-AGM31MJ"},"content":{"rendered":"<h2>Num\u00e9ro d&#8217;article<\/h2>\n<p class=\"bigger-font mb1\">ODX-AGM31MJ<\/p>\n<p class=\"bold-text mb1\">Batterie AGM s\u00e9rie extr\u00eame<\/p>\n<p class=\"mb1\">Les batteries ODYSSEY Extreme Series utilisent la technologie Absorbed Glass Mat (AGM) pour contenir de l&#8217;acide, permettant \u00e0 la batterie d&#8217;\u00eatre install\u00e9e dans n&#8217;importe quelle position. Utilisant la technologie des plaques plates, 99 % de plomb pur et 28 % de compression en plus, la s\u00e9rie ODYSSEY Extreme offre des performances extr\u00eames.<\/p>\n<ul class=\"fab\">\n<li>Plaques de plomb pur \u00e0 99\u00a0%<\/li>\n<li>Protection extr\u00eame contre les chocs et les vibrations violents<\/li>\n<li>Bornes en laiton rev\u00eatues d&#8217;alliage d&#8217;\u00e9tain<\/li>\n<li>R\u00e9sistant aux vibrations \u2013 s\u00e9parateurs \u00e0 plaques AGM comprim\u00e9s<\/li>\n<\/ul>\n","protected":false},"excerpt":{"rendered":"<p>Num\u00e9ro d&#8217;article ODX-AGM31MJ Batterie AGM s\u00e9rie extr\u00eame Les batteries ODYSSEY Extreme Series utilisent la technologie Absorbed Glass Mat (AGM) pour contenir de l&#8217;acide, permettant \u00e0 la batterie d&#8217;\u00eatre install\u00e9e dans n&#8217;importe quelle position. Utilisant la technologie des plaques plates, 99 % de plomb pur et 28 % de compression en plus, la s\u00e9rie ODYSSEY Extreme [&hellip;]<\/p>\n","protected":false},"featured_media":4643,"template":"","meta":{"_acf_changed":false},"product_brand":[],"product_cat":[103,106],"product_tag":[],"class_list":{"0":"post-2121","1":"product","2":"type-product","3":"status-publish","4":"has-post-thumbnail","6":"product_cat-extreme-series","7":"product_cat-extreme-series-golf-rv-and-marine-odyssey-battery","9":"first","10":"instock","11":"shipping-taxable","12":"product-type-simple"},"acf":[],"yoast_head":"<!-- This site is optimized with the Yoast SEO plugin v27.3 - https:\/\/yoast.com\/product\/yoast-seo-wordpress\/ -->\n<title>ODX-AGM31MJ - Magnacharge<\/title>\n<meta name=\"robots\" content=\"index, follow, max-snippet:-1, max-image-preview:large, max-video-preview:-1\" \/>\n<link rel=\"canonical\" href=\"https:\/\/www.magnacharge.com\/fr\/product\/odx-agm31mj\/\" \/>\n<meta property=\"og:locale\" content=\"en_US\" \/>\n<meta property=\"og:type\" content=\"article\" \/>\n<meta property=\"og:title\" content=\"ODX-AGM31MJ - Magnacharge\" \/>\n<meta property=\"og:description\" content=\"Num\u00e9ro d&#8217;article ODX-AGM31MJ Batterie AGM s\u00e9rie extr\u00eame Les batteries ODYSSEY Extreme Series utilisent la technologie Absorbed Glass Mat (AGM) pour contenir de l&#8217;acide, permettant \u00e0 la batterie d&#8217;\u00eatre install\u00e9e dans n&#8217;importe quelle position. Utilisant la technologie des plaques plates, 99 % de plomb pur et 28 % de compression en plus, la s\u00e9rie ODYSSEY Extreme [&hellip;]\" \/>\n<meta property=\"og:url\" content=\"https:\/\/www.magnacharge.com\/fr\/product\/odx-agm31mj\/\" \/>\n<meta property=\"og:site_name\" content=\"Magnacharge\" \/>\n<meta property=\"article:modified_time\" content=\"2023-11-14T20:24:42+00:00\" \/>\n<meta property=\"og:image\" content=\"https:\/\/www.magnacharge.com\/fr\/wp-content\/uploads\/2022\/11\/31-PC2150MJS-1.jpg\" \/>\n\t<meta property=\"og:image:width\" content=\"1000\" \/>\n\t<meta property=\"og:image:height\" content=\"1000\" \/>\n\t<meta property=\"og:image:type\" content=\"image\/jpeg\" \/>\n<meta name=\"twitter:card\" content=\"summary_large_image\" \/>\n<meta name=\"twitter:label1\" content=\"Est. reading time\" \/>\n\t<meta name=\"twitter:data1\" content=\"1 minute\" \/>\n<script type=\"application\/ld+json\" class=\"yoast-schema-graph\">{\"@context\":\"https:\\\/\\\/schema.org\",\"@graph\":[{\"@type\":\"WebPage\",\"@id\":\"https:\\\/\\\/www.magnacharge.com\\\/fr\\\/product\\\/odx-agm31mj\\\/\",\"url\":\"https:\\\/\\\/www.magnacharge.com\\\/fr\\\/product\\\/odx-agm31mj\\\/\",\"name\":\"ODX-AGM31MJ - Magnacharge\",\"isPartOf\":{\"@id\":\"https:\\\/\\\/www.magnacharge.com\\\/fr\\\/#website\"},\"primaryImageOfPage\":{\"@id\":\"https:\\\/\\\/www.magnacharge.com\\\/fr\\\/product\\\/odx-agm31mj\\\/#primaryimage\"},\"image\":{\"@id\":\"https:\\\/\\\/www.magnacharge.com\\\/fr\\\/product\\\/odx-agm31mj\\\/#primaryimage\"},\"thumbnailUrl\":\"https:\\\/\\\/www.magnacharge.com\\\/fr\\\/wp-content\\\/uploads\\\/2022\\\/11\\\/31-PC2150MJS-1.jpg\",\"datePublished\":\"2022-11-05T23:04:21+00:00\",\"dateModified\":\"2023-11-14T20:24:42+00:00\",\"breadcrumb\":{\"@id\":\"https:\\\/\\\/www.magnacharge.com\\\/fr\\\/product\\\/odx-agm31mj\\\/#breadcrumb\"},\"inLanguage\":\"en-US\",\"potentialAction\":[{\"@type\":\"ReadAction\",\"target\":[\"https:\\\/\\\/www.magnacharge.com\\\/fr\\\/product\\\/odx-agm31mj\\\/\"]}]},{\"@type\":\"ImageObject\",\"inLanguage\":\"en-US\",\"@id\":\"https:\\\/\\\/www.magnacharge.com\\\/fr\\\/product\\\/odx-agm31mj\\\/#primaryimage\",\"url\":\"https:\\\/\\\/www.magnacharge.com\\\/fr\\\/wp-content\\\/uploads\\\/2022\\\/11\\\/31-PC2150MJS-1.jpg\",\"contentUrl\":\"https:\\\/\\\/www.magnacharge.com\\\/fr\\\/wp-content\\\/uploads\\\/2022\\\/11\\\/31-PC2150MJS-1.jpg\",\"width\":1000,\"height\":1000},{\"@type\":\"BreadcrumbList\",\"@id\":\"https:\\\/\\\/www.magnacharge.com\\\/fr\\\/product\\\/odx-agm31mj\\\/#breadcrumb\",\"itemListElement\":[{\"@type\":\"ListItem\",\"position\":1,\"name\":\"Accueil\",\"item\":\"https:\\\/\\\/www.magnacharge.com\\\/fr\\\/\"},{\"@type\":\"ListItem\",\"position\":2,\"name\":\"Shop\",\"item\":\"https:\\\/\\\/www.magnacharge.com\\\/fr\\\/shop\\\/\"},{\"@type\":\"ListItem\",\"position\":3,\"name\":\"Batterie\",\"item\":\"https:\\\/\\\/www.magnacharge.com\\\/fr\\\/product-category\\\/batteries\\\/\"},{\"@type\":\"ListItem\",\"position\":4,\"name\":\"Odyssey\",\"item\":\"https:\\\/\\\/www.magnacharge.com\\\/fr\\\/product-category\\\/batteries\\\/odyssey-battery\\\/\"},{\"@type\":\"ListItem\",\"position\":5,\"name\":\"Automobile et commercial\",\"item\":\"https:\\\/\\\/www.magnacharge.com\\\/fr\\\/product-category\\\/batteries\\\/odyssey-battery\\\/automotive-and-commercial-odyssey-battery\\\/\"},{\"@type\":\"ListItem\",\"position\":6,\"name\":\"S\u00e9rie Extr\u00eame\",\"item\":\"https:\\\/\\\/www.magnacharge.com\\\/fr\\\/product-category\\\/batteries\\\/odyssey-battery\\\/automotive-and-commercial-odyssey-battery\\\/extreme-series\\\/\"},{\"@type\":\"ListItem\",\"position\":7,\"name\":\"ODX-AGM31MJ\"}]},{\"@type\":\"WebSite\",\"@id\":\"https:\\\/\\\/www.magnacharge.com\\\/fr\\\/#website\",\"url\":\"https:\\\/\\\/www.magnacharge.com\\\/fr\\\/\",\"name\":\"Magnacharge\",\"description\":\"\",\"potentialAction\":[{\"@type\":\"SearchAction\",\"target\":{\"@type\":\"EntryPoint\",\"urlTemplate\":\"https:\\\/\\\/www.magnacharge.com\\\/fr\\\/?s={search_term_string}\"},\"query-input\":{\"@type\":\"PropertyValueSpecification\",\"valueRequired\":true,\"valueName\":\"search_term_string\"}}],\"inLanguage\":\"en-US\"}]}<\/script>\n<!-- \/ Yoast SEO plugin. -->","yoast_head_json":{"title":"ODX-AGM31MJ - Magnacharge","robots":{"index":"index","follow":"follow","max-snippet":"max-snippet:-1","max-image-preview":"max-image-preview:large","max-video-preview":"max-video-preview:-1"},"canonical":"https:\/\/www.magnacharge.com\/fr\/product\/odx-agm31mj\/","og_locale":"en_US","og_type":"article","og_title":"ODX-AGM31MJ - Magnacharge","og_description":"Num\u00e9ro d&#8217;article ODX-AGM31MJ Batterie AGM s\u00e9rie extr\u00eame Les batteries ODYSSEY Extreme Series utilisent la technologie Absorbed Glass Mat (AGM) pour contenir de l&#8217;acide, permettant \u00e0 la batterie d&#8217;\u00eatre install\u00e9e dans n&#8217;importe quelle position. Utilisant la technologie des plaques plates, 99 % de plomb pur et 28 % de compression en plus, la s\u00e9rie ODYSSEY Extreme [&hellip;]","og_url":"https:\/\/www.magnacharge.com\/fr\/product\/odx-agm31mj\/","og_site_name":"Magnacharge","article_modified_time":"2023-11-14T20:24:42+00:00","og_image":[{"width":1000,"height":1000,"url":"https:\/\/www.magnacharge.com\/fr\/wp-content\/uploads\/2022\/11\/31-PC2150MJS-1.jpg","type":"image\/jpeg"}],"twitter_card":"summary_large_image","twitter_misc":{"Est. reading time":"1 minute"},"schema":{"@context":"https:\/\/schema.org","@graph":[{"@type":"WebPage","@id":"https:\/\/www.magnacharge.com\/fr\/product\/odx-agm31mj\/","url":"https:\/\/www.magnacharge.com\/fr\/product\/odx-agm31mj\/","name":"ODX-AGM31MJ - Magnacharge","isPartOf":{"@id":"https:\/\/www.magnacharge.com\/fr\/#website"},"primaryImageOfPage":{"@id":"https:\/\/www.magnacharge.com\/fr\/product\/odx-agm31mj\/#primaryimage"},"image":{"@id":"https:\/\/www.magnacharge.com\/fr\/product\/odx-agm31mj\/#primaryimage"},"thumbnailUrl":"https:\/\/www.magnacharge.com\/fr\/wp-content\/uploads\/2022\/11\/31-PC2150MJS-1.jpg","datePublished":"2022-11-05T23:04:21+00:00","dateModified":"2023-11-14T20:24:42+00:00","breadcrumb":{"@id":"https:\/\/www.magnacharge.com\/fr\/product\/odx-agm31mj\/#breadcrumb"},"inLanguage":"en-US","potentialAction":[{"@type":"ReadAction","target":["https:\/\/www.magnacharge.com\/fr\/product\/odx-agm31mj\/"]}]},{"@type":"ImageObject","inLanguage":"en-US","@id":"https:\/\/www.magnacharge.com\/fr\/product\/odx-agm31mj\/#primaryimage","url":"https:\/\/www.magnacharge.com\/fr\/wp-content\/uploads\/2022\/11\/31-PC2150MJS-1.jpg","contentUrl":"https:\/\/www.magnacharge.com\/fr\/wp-content\/uploads\/2022\/11\/31-PC2150MJS-1.jpg","width":1000,"height":1000},{"@type":"BreadcrumbList","@id":"https:\/\/www.magnacharge.com\/fr\/product\/odx-agm31mj\/#breadcrumb","itemListElement":[{"@type":"ListItem","position":1,"name":"Accueil","item":"https:\/\/www.magnacharge.com\/fr\/"},{"@type":"ListItem","position":2,"name":"Shop","item":"https:\/\/www.magnacharge.com\/fr\/shop\/"},{"@type":"ListItem","position":3,"name":"Batterie","item":"https:\/\/www.magnacharge.com\/fr\/product-category\/batteries\/"},{"@type":"ListItem","position":4,"name":"Odyssey","item":"https:\/\/www.magnacharge.com\/fr\/product-category\/batteries\/odyssey-battery\/"},{"@type":"ListItem","position":5,"name":"Automobile et commercial","item":"https:\/\/www.magnacharge.com\/fr\/product-category\/batteries\/odyssey-battery\/automotive-and-commercial-odyssey-battery\/"},{"@type":"ListItem","position":6,"name":"S\u00e9rie Extr\u00eame","item":"https:\/\/www.magnacharge.com\/fr\/product-category\/batteries\/odyssey-battery\/automotive-and-commercial-odyssey-battery\/extreme-series\/"},{"@type":"ListItem","position":7,"name":"ODX-AGM31MJ"}]},{"@type":"WebSite","@id":"https:\/\/www.magnacharge.com\/fr\/#website","url":"https:\/\/www.magnacharge.com\/fr\/","name":"Magnacharge","description":"","potentialAction":[{"@type":"SearchAction","target":{"@type":"EntryPoint","urlTemplate":"https:\/\/www.magnacharge.com\/fr\/?s={search_term_string}"},"query-input":{"@type":"PropertyValueSpecification","valueRequired":true,"valueName":"search_term_string"}}],"inLanguage":"en-US"}]}},"_links":{"self":[{"href":"https:\/\/www.magnacharge.com\/fr\/wp-json\/wp\/v2\/product\/2121","targetHints":{"allow":["GET"]}}],"collection":[{"href":"https:\/\/www.magnacharge.com\/fr\/wp-json\/wp\/v2\/product"}],"about":[{"href":"https:\/\/www.magnacharge.com\/fr\/wp-json\/wp\/v2\/types\/product"}],"wp:featuredmedia":[{"embeddable":true,"href":"https:\/\/www.magnacharge.com\/fr\/wp-json\/wp\/v2\/media\/4643"}],"wp:attachment":[{"href":"https:\/\/www.magnacharge.com\/fr\/wp-json\/wp\/v2\/media?parent=2121"}],"wp:term":[{"taxonomy":"product_brand","embeddable":true,"href":"https:\/\/www.magnacharge.com\/fr\/wp-json\/wp\/v2\/product_brand?post=2121"},{"taxonomy":"product_cat","embeddable":true,"href":"https:\/\/www.magnacharge.com\/fr\/wp-json\/wp\/v2\/product_cat?post=2121"},{"taxonomy":"product_tag","embeddable":true,"href":"https:\/\/www.magnacharge.com\/fr\/wp-json\/wp\/v2\/product_tag?post=2121"}],"curies":[{"name":"wp","href":"https:\/\/api.w.org\/{rel}","templated":true}]}}