{"id":1996,"date":"2022-11-04T15:22:26","date_gmt":"2022-11-04T15:22:26","guid":{"rendered":"https:\/\/magnacharge.innoplore.com\/?post_type=product&#038;p=1996"},"modified":"2023-11-15T18:48:40","modified_gmt":"2023-11-15T18:48:40","slug":"sind-04-1685","status":"publish","type":"product","link":"https:\/\/www.magnacharge.com\/fr\/product\/sind-04-1685\/","title":{"rendered":"SIND 04 1685"},"content":{"rendered":"<br \/>\n<h2>Num\u00e9ro d&#8217;article<\/h2>\n<p class=\"bigger-font mb1\">SIND 04 1685<\/p>\n<p class=\"bold-text mb1\">Batterie solaire \u00e0 cycle profond<\/p>\n<p class=\"mb1\">La gamme Solar Signature est con\u00e7ue pour offrir des performances soutenues maximales, une longue dur\u00e9e de vie et une \u00e9nergie accrue.<br \/>\nLes batteries Trojan Solar AGM sans entretien peuvent \u00eatre consid\u00e9r\u00e9es jour apr\u00e8s jour comme une source d&#8217;\u00e9nergie fiable pour une large gamme d&#8217;applications hors r\u00e9seau et en r\u00e9seau.<br \/>\nLa gamme Solar Industrial de batteries \u00e0 d\u00e9charge profonde de Trojan est con\u00e7ue sp\u00e9cifiquement pour prendre en charge les syst\u00e8mes d&#8217;\u00e9nergie renouvelable avec des charges quotidiennes importantes o\u00f9 les batteries sont cycl\u00e9es r\u00e9guli\u00e8rement.<\/p>\n<ul class=\"fab\">\n<li>\n<p>P\u00e2te Alpha Plus\u00ae avec T2 Technology\u2122<\/p>\n<\/li>\n<li>\n<p>La conception DuraGrid\u2122 offre une structure de grille \u00e9paisse qui r\u00e9siste \u00e0 la corrosion.<\/p>\n<\/li>\n<li>\n<p>S\u00e9parateur Maxguard\u00ae XL<\/p>\n<\/li>\n<li>\n<p>Conception de bo\u00eetier ultra-robuste<\/p>\n<\/li>\n<\/ul>\n","protected":false},"excerpt":{"rendered":"<p>Num\u00e9ro d&#8217;article SIND 04 1685 Batterie solaire \u00e0 cycle profond La gamme Solar Signature est con\u00e7ue pour offrir des performances soutenues maximales, une longue dur\u00e9e de vie et une \u00e9nergie accrue. Les batteries Trojan Solar AGM sans entretien peuvent \u00eatre consid\u00e9r\u00e9es jour apr\u00e8s jour comme une source d&#8217;\u00e9nergie fiable pour une large gamme d&#8217;applications hors [&hellip;]<\/p>\n","protected":false},"featured_media":4730,"template":"","meta":{"_acf_changed":false},"product_brand":[],"product_cat":[125,136,140,144,145],"product_tag":[],"class_list":{"0":"post-1996","1":"product","2":"type-product","3":"status-publish","4":"has-post-thumbnail","6":"product_cat-solar-line","7":"product_cat-solar-line-floor-machines-trojan","8":"product_cat-solar-line-golf-rv-and-marine-trojan","9":"product_cat-solar-line-natural-resources-trojan","10":"product_cat-solar-line-renewable-energy-trojan","12":"first","13":"instock","14":"shipping-taxable","15":"product-type-simple"},"acf":[],"yoast_head":"<!-- This site is optimized with the Yoast SEO plugin v27.3 - https:\/\/yoast.com\/product\/yoast-seo-wordpress\/ -->\n<title>SIND 04 1685 - Magnacharge<\/title>\n<meta name=\"robots\" content=\"index, follow, max-snippet:-1, max-image-preview:large, max-video-preview:-1\" \/>\n<link rel=\"canonical\" href=\"https:\/\/www.magnacharge.com\/fr\/product\/sind-04-1685\/\" \/>\n<meta property=\"og:locale\" content=\"en_US\" \/>\n<meta property=\"og:type\" content=\"article\" \/>\n<meta property=\"og:title\" content=\"SIND 04 1685 - Magnacharge\" \/>\n<meta property=\"og:description\" content=\"Num\u00e9ro d&#8217;article SIND 04 1685 Batterie solaire \u00e0 cycle profond La gamme Solar Signature est con\u00e7ue pour offrir des performances soutenues maximales, une longue dur\u00e9e de vie et une \u00e9nergie accrue. Les batteries Trojan Solar AGM sans entretien peuvent \u00eatre consid\u00e9r\u00e9es jour apr\u00e8s jour comme une source d&#8217;\u00e9nergie fiable pour une large gamme d&#8217;applications hors [&hellip;]\" \/>\n<meta property=\"og:url\" content=\"https:\/\/www.magnacharge.com\/fr\/product\/sind-04-1685\/\" \/>\n<meta property=\"og:site_name\" content=\"Magnacharge\" \/>\n<meta property=\"article:modified_time\" content=\"2023-11-15T18:48:40+00:00\" \/>\n<meta property=\"og:image\" content=\"https:\/\/www.magnacharge.com\/fr\/wp-content\/uploads\/2022\/11\/SIND_04-1685_high.jpg\" \/>\n\t<meta property=\"og:image:width\" content=\"1000\" \/>\n\t<meta property=\"og:image:height\" content=\"1000\" \/>\n\t<meta property=\"og:image:type\" content=\"image\/jpeg\" \/>\n<meta name=\"twitter:card\" content=\"summary_large_image\" \/>\n<meta name=\"twitter:label1\" content=\"Est. reading time\" \/>\n\t<meta name=\"twitter:data1\" content=\"1 minute\" \/>\n<script type=\"application\/ld+json\" class=\"yoast-schema-graph\">{\"@context\":\"https:\\\/\\\/schema.org\",\"@graph\":[{\"@type\":\"WebPage\",\"@id\":\"https:\\\/\\\/www.magnacharge.com\\\/fr\\\/product\\\/sind-04-1685\\\/\",\"url\":\"https:\\\/\\\/www.magnacharge.com\\\/fr\\\/product\\\/sind-04-1685\\\/\",\"name\":\"SIND 04 1685 - Magnacharge\",\"isPartOf\":{\"@id\":\"https:\\\/\\\/www.magnacharge.com\\\/fr\\\/#website\"},\"primaryImageOfPage\":{\"@id\":\"https:\\\/\\\/www.magnacharge.com\\\/fr\\\/product\\\/sind-04-1685\\\/#primaryimage\"},\"image\":{\"@id\":\"https:\\\/\\\/www.magnacharge.com\\\/fr\\\/product\\\/sind-04-1685\\\/#primaryimage\"},\"thumbnailUrl\":\"https:\\\/\\\/www.magnacharge.com\\\/fr\\\/wp-content\\\/uploads\\\/2022\\\/11\\\/SIND_04-1685_high.jpg\",\"datePublished\":\"2022-11-04T15:22:26+00:00\",\"dateModified\":\"2023-11-15T18:48:40+00:00\",\"breadcrumb\":{\"@id\":\"https:\\\/\\\/www.magnacharge.com\\\/fr\\\/product\\\/sind-04-1685\\\/#breadcrumb\"},\"inLanguage\":\"en-US\",\"potentialAction\":[{\"@type\":\"ReadAction\",\"target\":[\"https:\\\/\\\/www.magnacharge.com\\\/fr\\\/product\\\/sind-04-1685\\\/\"]}]},{\"@type\":\"ImageObject\",\"inLanguage\":\"en-US\",\"@id\":\"https:\\\/\\\/www.magnacharge.com\\\/fr\\\/product\\\/sind-04-1685\\\/#primaryimage\",\"url\":\"https:\\\/\\\/www.magnacharge.com\\\/fr\\\/wp-content\\\/uploads\\\/2022\\\/11\\\/SIND_04-1685_high.jpg\",\"contentUrl\":\"https:\\\/\\\/www.magnacharge.com\\\/fr\\\/wp-content\\\/uploads\\\/2022\\\/11\\\/SIND_04-1685_high.jpg\",\"width\":1000,\"height\":1000},{\"@type\":\"BreadcrumbList\",\"@id\":\"https:\\\/\\\/www.magnacharge.com\\\/fr\\\/product\\\/sind-04-1685\\\/#breadcrumb\",\"itemListElement\":[{\"@type\":\"ListItem\",\"position\":1,\"name\":\"Accueil\",\"item\":\"https:\\\/\\\/www.magnacharge.com\\\/fr\\\/\"},{\"@type\":\"ListItem\",\"position\":2,\"name\":\"Shop\",\"item\":\"https:\\\/\\\/www.magnacharge.com\\\/fr\\\/shop\\\/\"},{\"@type\":\"ListItem\",\"position\":3,\"name\":\"Batterie\",\"item\":\"https:\\\/\\\/www.magnacharge.com\\\/fr\\\/product-category\\\/batteries\\\/\"},{\"@type\":\"ListItem\",\"position\":4,\"name\":\"Trojan\",\"item\":\"https:\\\/\\\/www.magnacharge.com\\\/fr\\\/product-category\\\/batteries\\\/trojan\\\/\"},{\"@type\":\"ListItem\",\"position\":5,\"name\":\"\u00c9quipment de levage\",\"item\":\"https:\\\/\\\/www.magnacharge.com\\\/fr\\\/product-category\\\/batteries\\\/trojan\\\/aerial-lift-trojan\\\/\"},{\"@type\":\"ListItem\",\"position\":6,\"name\":\"Ligne Solaire\",\"item\":\"https:\\\/\\\/www.magnacharge.com\\\/fr\\\/product-category\\\/batteries\\\/trojan\\\/aerial-lift-trojan\\\/solar-line\\\/\"},{\"@type\":\"ListItem\",\"position\":7,\"name\":\"SIND 04 1685\"}]},{\"@type\":\"WebSite\",\"@id\":\"https:\\\/\\\/www.magnacharge.com\\\/fr\\\/#website\",\"url\":\"https:\\\/\\\/www.magnacharge.com\\\/fr\\\/\",\"name\":\"Magnacharge\",\"description\":\"\",\"potentialAction\":[{\"@type\":\"SearchAction\",\"target\":{\"@type\":\"EntryPoint\",\"urlTemplate\":\"https:\\\/\\\/www.magnacharge.com\\\/fr\\\/?s={search_term_string}\"},\"query-input\":{\"@type\":\"PropertyValueSpecification\",\"valueRequired\":true,\"valueName\":\"search_term_string\"}}],\"inLanguage\":\"en-US\"}]}<\/script>\n<!-- \/ Yoast SEO plugin. -->","yoast_head_json":{"title":"SIND 04 1685 - Magnacharge","robots":{"index":"index","follow":"follow","max-snippet":"max-snippet:-1","max-image-preview":"max-image-preview:large","max-video-preview":"max-video-preview:-1"},"canonical":"https:\/\/www.magnacharge.com\/fr\/product\/sind-04-1685\/","og_locale":"en_US","og_type":"article","og_title":"SIND 04 1685 - Magnacharge","og_description":"Num\u00e9ro d&#8217;article SIND 04 1685 Batterie solaire \u00e0 cycle profond La gamme Solar Signature est con\u00e7ue pour offrir des performances soutenues maximales, une longue dur\u00e9e de vie et une \u00e9nergie accrue. Les batteries Trojan Solar AGM sans entretien peuvent \u00eatre consid\u00e9r\u00e9es jour apr\u00e8s jour comme une source d&#8217;\u00e9nergie fiable pour une large gamme d&#8217;applications hors [&hellip;]","og_url":"https:\/\/www.magnacharge.com\/fr\/product\/sind-04-1685\/","og_site_name":"Magnacharge","article_modified_time":"2023-11-15T18:48:40+00:00","og_image":[{"width":1000,"height":1000,"url":"https:\/\/www.magnacharge.com\/fr\/wp-content\/uploads\/2022\/11\/SIND_04-1685_high.jpg","type":"image\/jpeg"}],"twitter_card":"summary_large_image","twitter_misc":{"Est. reading time":"1 minute"},"schema":{"@context":"https:\/\/schema.org","@graph":[{"@type":"WebPage","@id":"https:\/\/www.magnacharge.com\/fr\/product\/sind-04-1685\/","url":"https:\/\/www.magnacharge.com\/fr\/product\/sind-04-1685\/","name":"SIND 04 1685 - Magnacharge","isPartOf":{"@id":"https:\/\/www.magnacharge.com\/fr\/#website"},"primaryImageOfPage":{"@id":"https:\/\/www.magnacharge.com\/fr\/product\/sind-04-1685\/#primaryimage"},"image":{"@id":"https:\/\/www.magnacharge.com\/fr\/product\/sind-04-1685\/#primaryimage"},"thumbnailUrl":"https:\/\/www.magnacharge.com\/fr\/wp-content\/uploads\/2022\/11\/SIND_04-1685_high.jpg","datePublished":"2022-11-04T15:22:26+00:00","dateModified":"2023-11-15T18:48:40+00:00","breadcrumb":{"@id":"https:\/\/www.magnacharge.com\/fr\/product\/sind-04-1685\/#breadcrumb"},"inLanguage":"en-US","potentialAction":[{"@type":"ReadAction","target":["https:\/\/www.magnacharge.com\/fr\/product\/sind-04-1685\/"]}]},{"@type":"ImageObject","inLanguage":"en-US","@id":"https:\/\/www.magnacharge.com\/fr\/product\/sind-04-1685\/#primaryimage","url":"https:\/\/www.magnacharge.com\/fr\/wp-content\/uploads\/2022\/11\/SIND_04-1685_high.jpg","contentUrl":"https:\/\/www.magnacharge.com\/fr\/wp-content\/uploads\/2022\/11\/SIND_04-1685_high.jpg","width":1000,"height":1000},{"@type":"BreadcrumbList","@id":"https:\/\/www.magnacharge.com\/fr\/product\/sind-04-1685\/#breadcrumb","itemListElement":[{"@type":"ListItem","position":1,"name":"Accueil","item":"https:\/\/www.magnacharge.com\/fr\/"},{"@type":"ListItem","position":2,"name":"Shop","item":"https:\/\/www.magnacharge.com\/fr\/shop\/"},{"@type":"ListItem","position":3,"name":"Batterie","item":"https:\/\/www.magnacharge.com\/fr\/product-category\/batteries\/"},{"@type":"ListItem","position":4,"name":"Trojan","item":"https:\/\/www.magnacharge.com\/fr\/product-category\/batteries\/trojan\/"},{"@type":"ListItem","position":5,"name":"\u00c9quipment de levage","item":"https:\/\/www.magnacharge.com\/fr\/product-category\/batteries\/trojan\/aerial-lift-trojan\/"},{"@type":"ListItem","position":6,"name":"Ligne Solaire","item":"https:\/\/www.magnacharge.com\/fr\/product-category\/batteries\/trojan\/aerial-lift-trojan\/solar-line\/"},{"@type":"ListItem","position":7,"name":"SIND 04 1685"}]},{"@type":"WebSite","@id":"https:\/\/www.magnacharge.com\/fr\/#website","url":"https:\/\/www.magnacharge.com\/fr\/","name":"Magnacharge","description":"","potentialAction":[{"@type":"SearchAction","target":{"@type":"EntryPoint","urlTemplate":"https:\/\/www.magnacharge.com\/fr\/?s={search_term_string}"},"query-input":{"@type":"PropertyValueSpecification","valueRequired":true,"valueName":"search_term_string"}}],"inLanguage":"en-US"}]}},"_links":{"self":[{"href":"https:\/\/www.magnacharge.com\/fr\/wp-json\/wp\/v2\/product\/1996","targetHints":{"allow":["GET"]}}],"collection":[{"href":"https:\/\/www.magnacharge.com\/fr\/wp-json\/wp\/v2\/product"}],"about":[{"href":"https:\/\/www.magnacharge.com\/fr\/wp-json\/wp\/v2\/types\/product"}],"wp:featuredmedia":[{"embeddable":true,"href":"https:\/\/www.magnacharge.com\/fr\/wp-json\/wp\/v2\/media\/4730"}],"wp:attachment":[{"href":"https:\/\/www.magnacharge.com\/fr\/wp-json\/wp\/v2\/media?parent=1996"}],"wp:term":[{"taxonomy":"product_brand","embeddable":true,"href":"https:\/\/www.magnacharge.com\/fr\/wp-json\/wp\/v2\/product_brand?post=1996"},{"taxonomy":"product_cat","embeddable":true,"href":"https:\/\/www.magnacharge.com\/fr\/wp-json\/wp\/v2\/product_cat?post=1996"},{"taxonomy":"product_tag","embeddable":true,"href":"https:\/\/www.magnacharge.com\/fr\/wp-json\/wp\/v2\/product_tag?post=1996"}],"curies":[{"name":"wp","href":"https:\/\/api.w.org\/{rel}","templated":true}]}}