{"id":1893,"date":"2022-11-02T22:30:35","date_gmt":"2022-11-02T22:30:35","guid":{"rendered":"https:\/\/magnacharge.innoplore.com\/?post_type=product&#038;p=1893"},"modified":"2023-11-15T17:34:41","modified_gmt":"2023-11-15T17:34:41","slug":"rb170","status":"publish","type":"product","link":"https:\/\/www.magnacharge.com\/fr\/product\/rb170\/","title":{"rendered":"RB170"},"content":{"rendered":"<h2>Num\u00e9ro d&#8217;article<\/h2>\n<p class=\"bigger-font mb1\">RB170<\/p>\n<p class=\"bold-text mb1\">Batterie au lithium \u00e0 cycle profond<\/p>\n<p class=\"mb1\">D\u00e9fiez vos limites et profitez de la libert\u00e9 que procure une plus grande quantit\u00e9 d\u2019\u00e9nergie utilisable dans un ensemble l\u00e9ger, sans entretien, s\u00fbr, fiable et sans souci. RELiON propose l&#8217;une des plus grandes offres de produits LiFePO4 disponibles qui alimentent une gamme de<\/p>\n<ul class=\"fab\">\n<li>Chargement rapide<\/li>\n<li>BMS interne (syst\u00e8me de gestion de batterie)<\/li>\n<li>Lithium l\u00e9ger<\/li>\n<\/ul>\n","protected":false},"excerpt":{"rendered":"<p>Num\u00e9ro d&#8217;article RB170 Batterie au lithium \u00e0 cycle profond D\u00e9fiez vos limites et profitez de la libert\u00e9 que procure une plus grande quantit\u00e9 d\u2019\u00e9nergie utilisable dans un ensemble l\u00e9ger, sans entretien, s\u00fbr, fiable et sans souci. RELiON propose l&#8217;une des plus grandes offres de produits LiFePO4 disponibles qui alimentent une gamme de Chargement rapide BMS [&hellip;]<\/p>\n","protected":false},"featured_media":4772,"template":"","meta":{"_acf_changed":false},"product_brand":[],"product_cat":[117,118,119,120,121,122],"product_tag":[],"class_list":{"0":"post-1893","1":"product","2":"type-product","3":"status-publish","4":"has-post-thumbnail","6":"product_cat-lithium","7":"product_cat-lithium-backup-medical-and-specialty-relion","8":"product_cat-lithium-floor-machines-relion","9":"product_cat-lithium-golf-rv-and-marine-relion","10":"product_cat-lithium-natural-resources-relion","11":"product_cat-lithium-renewable-energy-relion","13":"first","14":"instock","15":"shipping-taxable","16":"product-type-simple"},"acf":[],"yoast_head":"<!-- This site is optimized with the Yoast SEO plugin v27.3 - https:\/\/yoast.com\/product\/yoast-seo-wordpress\/ -->\n<title>RB170 - Magnacharge<\/title>\n<meta name=\"robots\" content=\"index, follow, max-snippet:-1, max-image-preview:large, max-video-preview:-1\" \/>\n<link rel=\"canonical\" href=\"https:\/\/www.magnacharge.com\/fr\/product\/rb170\/\" \/>\n<meta property=\"og:locale\" content=\"en_US\" \/>\n<meta property=\"og:type\" content=\"article\" \/>\n<meta property=\"og:title\" content=\"RB170 - Magnacharge\" \/>\n<meta property=\"og:description\" content=\"Num\u00e9ro d&#8217;article RB170 Batterie au lithium \u00e0 cycle profond D\u00e9fiez vos limites et profitez de la libert\u00e9 que procure une plus grande quantit\u00e9 d\u2019\u00e9nergie utilisable dans un ensemble l\u00e9ger, sans entretien, s\u00fbr, fiable et sans souci. RELiON propose l&#8217;une des plus grandes offres de produits LiFePO4 disponibles qui alimentent une gamme de Chargement rapide BMS [&hellip;]\" \/>\n<meta property=\"og:url\" content=\"https:\/\/www.magnacharge.com\/fr\/product\/rb170\/\" \/>\n<meta property=\"og:site_name\" content=\"Magnacharge\" \/>\n<meta property=\"article:modified_time\" content=\"2023-11-15T17:34:41+00:00\" \/>\n<meta property=\"og:image\" content=\"https:\/\/www.magnacharge.com\/fr\/wp-content\/uploads\/2022\/11\/RB170-2019-1.jpg\" \/>\n\t<meta property=\"og:image:width\" content=\"1000\" \/>\n\t<meta property=\"og:image:height\" content=\"1000\" \/>\n\t<meta property=\"og:image:type\" content=\"image\/jpeg\" \/>\n<meta name=\"twitter:card\" content=\"summary_large_image\" \/>\n<meta name=\"twitter:label1\" content=\"Est. reading time\" \/>\n\t<meta name=\"twitter:data1\" content=\"1 minute\" \/>\n<script type=\"application\/ld+json\" class=\"yoast-schema-graph\">{\"@context\":\"https:\\\/\\\/schema.org\",\"@graph\":[{\"@type\":\"WebPage\",\"@id\":\"https:\\\/\\\/www.magnacharge.com\\\/fr\\\/product\\\/rb170\\\/\",\"url\":\"https:\\\/\\\/www.magnacharge.com\\\/fr\\\/product\\\/rb170\\\/\",\"name\":\"RB170 - Magnacharge\",\"isPartOf\":{\"@id\":\"https:\\\/\\\/www.magnacharge.com\\\/fr\\\/#website\"},\"primaryImageOfPage\":{\"@id\":\"https:\\\/\\\/www.magnacharge.com\\\/fr\\\/product\\\/rb170\\\/#primaryimage\"},\"image\":{\"@id\":\"https:\\\/\\\/www.magnacharge.com\\\/fr\\\/product\\\/rb170\\\/#primaryimage\"},\"thumbnailUrl\":\"https:\\\/\\\/www.magnacharge.com\\\/fr\\\/wp-content\\\/uploads\\\/2022\\\/11\\\/RB170-2019-1.jpg\",\"datePublished\":\"2022-11-02T22:30:35+00:00\",\"dateModified\":\"2023-11-15T17:34:41+00:00\",\"breadcrumb\":{\"@id\":\"https:\\\/\\\/www.magnacharge.com\\\/fr\\\/product\\\/rb170\\\/#breadcrumb\"},\"inLanguage\":\"en-US\",\"potentialAction\":[{\"@type\":\"ReadAction\",\"target\":[\"https:\\\/\\\/www.magnacharge.com\\\/fr\\\/product\\\/rb170\\\/\"]}]},{\"@type\":\"ImageObject\",\"inLanguage\":\"en-US\",\"@id\":\"https:\\\/\\\/www.magnacharge.com\\\/fr\\\/product\\\/rb170\\\/#primaryimage\",\"url\":\"https:\\\/\\\/www.magnacharge.com\\\/fr\\\/wp-content\\\/uploads\\\/2022\\\/11\\\/RB170-2019-1.jpg\",\"contentUrl\":\"https:\\\/\\\/www.magnacharge.com\\\/fr\\\/wp-content\\\/uploads\\\/2022\\\/11\\\/RB170-2019-1.jpg\",\"width\":1000,\"height\":1000},{\"@type\":\"BreadcrumbList\",\"@id\":\"https:\\\/\\\/www.magnacharge.com\\\/fr\\\/product\\\/rb170\\\/#breadcrumb\",\"itemListElement\":[{\"@type\":\"ListItem\",\"position\":1,\"name\":\"Accueil\",\"item\":\"https:\\\/\\\/www.magnacharge.com\\\/fr\\\/\"},{\"@type\":\"ListItem\",\"position\":2,\"name\":\"Shop\",\"item\":\"https:\\\/\\\/www.magnacharge.com\\\/fr\\\/shop\\\/\"},{\"@type\":\"ListItem\",\"position\":3,\"name\":\"Batterie\",\"item\":\"https:\\\/\\\/www.magnacharge.com\\\/fr\\\/product-category\\\/batteries\\\/\"},{\"@type\":\"ListItem\",\"position\":4,\"name\":\"Relion\",\"item\":\"https:\\\/\\\/www.magnacharge.com\\\/fr\\\/product-category\\\/batteries\\\/relion\\\/\"},{\"@type\":\"ListItem\",\"position\":5,\"name\":\"\u00c9quipment de levage\",\"item\":\"https:\\\/\\\/www.magnacharge.com\\\/fr\\\/product-category\\\/batteries\\\/relion\\\/aerial-lift-relion\\\/\"},{\"@type\":\"ListItem\",\"position\":6,\"name\":\"Lithium\",\"item\":\"https:\\\/\\\/www.magnacharge.com\\\/fr\\\/product-category\\\/batteries\\\/relion\\\/aerial-lift-relion\\\/lithium\\\/\"},{\"@type\":\"ListItem\",\"position\":7,\"name\":\"RB170\"}]},{\"@type\":\"WebSite\",\"@id\":\"https:\\\/\\\/www.magnacharge.com\\\/fr\\\/#website\",\"url\":\"https:\\\/\\\/www.magnacharge.com\\\/fr\\\/\",\"name\":\"Magnacharge\",\"description\":\"\",\"potentialAction\":[{\"@type\":\"SearchAction\",\"target\":{\"@type\":\"EntryPoint\",\"urlTemplate\":\"https:\\\/\\\/www.magnacharge.com\\\/fr\\\/?s={search_term_string}\"},\"query-input\":{\"@type\":\"PropertyValueSpecification\",\"valueRequired\":true,\"valueName\":\"search_term_string\"}}],\"inLanguage\":\"en-US\"}]}<\/script>\n<!-- \/ Yoast SEO plugin. -->","yoast_head_json":{"title":"RB170 - Magnacharge","robots":{"index":"index","follow":"follow","max-snippet":"max-snippet:-1","max-image-preview":"max-image-preview:large","max-video-preview":"max-video-preview:-1"},"canonical":"https:\/\/www.magnacharge.com\/fr\/product\/rb170\/","og_locale":"en_US","og_type":"article","og_title":"RB170 - Magnacharge","og_description":"Num\u00e9ro d&#8217;article RB170 Batterie au lithium \u00e0 cycle profond D\u00e9fiez vos limites et profitez de la libert\u00e9 que procure une plus grande quantit\u00e9 d\u2019\u00e9nergie utilisable dans un ensemble l\u00e9ger, sans entretien, s\u00fbr, fiable et sans souci. RELiON propose l&#8217;une des plus grandes offres de produits LiFePO4 disponibles qui alimentent une gamme de Chargement rapide BMS [&hellip;]","og_url":"https:\/\/www.magnacharge.com\/fr\/product\/rb170\/","og_site_name":"Magnacharge","article_modified_time":"2023-11-15T17:34:41+00:00","og_image":[{"width":1000,"height":1000,"url":"https:\/\/www.magnacharge.com\/fr\/wp-content\/uploads\/2022\/11\/RB170-2019-1.jpg","type":"image\/jpeg"}],"twitter_card":"summary_large_image","twitter_misc":{"Est. reading time":"1 minute"},"schema":{"@context":"https:\/\/schema.org","@graph":[{"@type":"WebPage","@id":"https:\/\/www.magnacharge.com\/fr\/product\/rb170\/","url":"https:\/\/www.magnacharge.com\/fr\/product\/rb170\/","name":"RB170 - Magnacharge","isPartOf":{"@id":"https:\/\/www.magnacharge.com\/fr\/#website"},"primaryImageOfPage":{"@id":"https:\/\/www.magnacharge.com\/fr\/product\/rb170\/#primaryimage"},"image":{"@id":"https:\/\/www.magnacharge.com\/fr\/product\/rb170\/#primaryimage"},"thumbnailUrl":"https:\/\/www.magnacharge.com\/fr\/wp-content\/uploads\/2022\/11\/RB170-2019-1.jpg","datePublished":"2022-11-02T22:30:35+00:00","dateModified":"2023-11-15T17:34:41+00:00","breadcrumb":{"@id":"https:\/\/www.magnacharge.com\/fr\/product\/rb170\/#breadcrumb"},"inLanguage":"en-US","potentialAction":[{"@type":"ReadAction","target":["https:\/\/www.magnacharge.com\/fr\/product\/rb170\/"]}]},{"@type":"ImageObject","inLanguage":"en-US","@id":"https:\/\/www.magnacharge.com\/fr\/product\/rb170\/#primaryimage","url":"https:\/\/www.magnacharge.com\/fr\/wp-content\/uploads\/2022\/11\/RB170-2019-1.jpg","contentUrl":"https:\/\/www.magnacharge.com\/fr\/wp-content\/uploads\/2022\/11\/RB170-2019-1.jpg","width":1000,"height":1000},{"@type":"BreadcrumbList","@id":"https:\/\/www.magnacharge.com\/fr\/product\/rb170\/#breadcrumb","itemListElement":[{"@type":"ListItem","position":1,"name":"Accueil","item":"https:\/\/www.magnacharge.com\/fr\/"},{"@type":"ListItem","position":2,"name":"Shop","item":"https:\/\/www.magnacharge.com\/fr\/shop\/"},{"@type":"ListItem","position":3,"name":"Batterie","item":"https:\/\/www.magnacharge.com\/fr\/product-category\/batteries\/"},{"@type":"ListItem","position":4,"name":"Relion","item":"https:\/\/www.magnacharge.com\/fr\/product-category\/batteries\/relion\/"},{"@type":"ListItem","position":5,"name":"\u00c9quipment de levage","item":"https:\/\/www.magnacharge.com\/fr\/product-category\/batteries\/relion\/aerial-lift-relion\/"},{"@type":"ListItem","position":6,"name":"Lithium","item":"https:\/\/www.magnacharge.com\/fr\/product-category\/batteries\/relion\/aerial-lift-relion\/lithium\/"},{"@type":"ListItem","position":7,"name":"RB170"}]},{"@type":"WebSite","@id":"https:\/\/www.magnacharge.com\/fr\/#website","url":"https:\/\/www.magnacharge.com\/fr\/","name":"Magnacharge","description":"","potentialAction":[{"@type":"SearchAction","target":{"@type":"EntryPoint","urlTemplate":"https:\/\/www.magnacharge.com\/fr\/?s={search_term_string}"},"query-input":{"@type":"PropertyValueSpecification","valueRequired":true,"valueName":"search_term_string"}}],"inLanguage":"en-US"}]}},"_links":{"self":[{"href":"https:\/\/www.magnacharge.com\/fr\/wp-json\/wp\/v2\/product\/1893","targetHints":{"allow":["GET"]}}],"collection":[{"href":"https:\/\/www.magnacharge.com\/fr\/wp-json\/wp\/v2\/product"}],"about":[{"href":"https:\/\/www.magnacharge.com\/fr\/wp-json\/wp\/v2\/types\/product"}],"wp:featuredmedia":[{"embeddable":true,"href":"https:\/\/www.magnacharge.com\/fr\/wp-json\/wp\/v2\/media\/4772"}],"wp:attachment":[{"href":"https:\/\/www.magnacharge.com\/fr\/wp-json\/wp\/v2\/media?parent=1893"}],"wp:term":[{"taxonomy":"product_brand","embeddable":true,"href":"https:\/\/www.magnacharge.com\/fr\/wp-json\/wp\/v2\/product_brand?post=1893"},{"taxonomy":"product_cat","embeddable":true,"href":"https:\/\/www.magnacharge.com\/fr\/wp-json\/wp\/v2\/product_cat?post=1893"},{"taxonomy":"product_tag","embeddable":true,"href":"https:\/\/www.magnacharge.com\/fr\/wp-json\/wp\/v2\/product_tag?post=1893"}],"curies":[{"name":"wp","href":"https:\/\/api.w.org\/{rel}","templated":true}]}}