{"id":1538,"date":"2022-10-24T19:24:04","date_gmt":"2022-10-24T19:24:04","guid":{"rendered":"https:\/\/magnacharge.innoplore.com\/?post_type=product&#038;p=1538"},"modified":"2023-11-10T18:47:12","modified_gmt":"2023-11-10T18:47:12","slug":"12n7-4b","status":"publish","type":"product","link":"https:\/\/www.magnacharge.com\/fr\/product\/12n7-4b\/","title":{"rendered":"12N7-4B"},"content":{"rendered":"<br \/>\n<h2>Num\u00e9ro d&#8217;article<\/h2>\n<p class=\"bigger-font mb1\">12N7-4B<\/p>\n<p class=\"bold-text mb1\">Conventionnel \u2013 12 Volts<\/p>\n<p class=\"mb1\">La batterie de sport motoris\u00e9 Magnasport Conventional Flooded Series offre un rendement de manivelle \u00e9lev\u00e9 pour r\u00e9pondre aux exigences \u00e9lev\u00e9es des \u00e9quipements de sport motoris\u00e9 traditionnels et modernes. Con\u00e7u pour respecter et d\u00e9passer les sp\u00e9cifications O.E avec un mat\u00e9riau robuste offrant des performances haut de gamme<\/p>\n<ul class=\"fab\">\n<li>\n<p>1 an de garantie<\/p>\n<\/li>\n<li>\n<p>Pack d&#8217;acide externe pour une dur\u00e9e de conservation prolong\u00e9e<\/p>\n<\/li>\n<li>\n<p>Mat\u00e9riel inclus<\/p>\n<\/li>\n<li>\n<p>Ajustement d&#8217;origine<\/p>\n<\/li>\n<li>\n<p>Batterie inond\u00e9e de performances de qualit\u00e9<\/p>\n<\/li>\n<\/ul>\n","protected":false},"excerpt":{"rendered":"<p>Num\u00e9ro d&#8217;article 12N7-4B Conventionnel \u2013 12 Volts La batterie de sport motoris\u00e9 Magnasport Conventional Flooded Series offre un rendement de manivelle \u00e9lev\u00e9 pour r\u00e9pondre aux exigences \u00e9lev\u00e9es des \u00e9quipements de sport motoris\u00e9 traditionnels et modernes. Con\u00e7u pour respecter et d\u00e9passer les sp\u00e9cifications O.E avec un mat\u00e9riau robuste offrant des performances haut de gamme 1 an [&hellip;]<\/p>\n","protected":false},"featured_media":4381,"template":"","meta":{"_acf_changed":false},"product_brand":[],"product_cat":[70],"product_tag":[],"class_list":{"0":"post-1538","1":"product","2":"type-product","3":"status-publish","4":"has-post-thumbnail","6":"product_cat-conventional-flooded-12-volt","8":"first","9":"instock","10":"shipping-taxable","11":"product-type-simple"},"acf":[],"yoast_head":"<!-- This site is optimized with the Yoast SEO plugin v27.3 - https:\/\/yoast.com\/product\/yoast-seo-wordpress\/ -->\n<title>12N7-4B - Magnacharge<\/title>\n<meta name=\"robots\" content=\"index, follow, max-snippet:-1, max-image-preview:large, max-video-preview:-1\" \/>\n<link rel=\"canonical\" href=\"https:\/\/www.magnacharge.com\/fr\/product\/12n7-4b\/\" \/>\n<meta property=\"og:locale\" content=\"en_US\" \/>\n<meta property=\"og:type\" content=\"article\" \/>\n<meta property=\"og:title\" content=\"12N7-4B - Magnacharge\" \/>\n<meta property=\"og:description\" content=\"Num\u00e9ro d&#8217;article 12N7-4B Conventionnel \u2013 12 Volts La batterie de sport motoris\u00e9 Magnasport Conventional Flooded Series offre un rendement de manivelle \u00e9lev\u00e9 pour r\u00e9pondre aux exigences \u00e9lev\u00e9es des \u00e9quipements de sport motoris\u00e9 traditionnels et modernes. Con\u00e7u pour respecter et d\u00e9passer les sp\u00e9cifications O.E avec un mat\u00e9riau robuste offrant des performances haut de gamme 1 an [&hellip;]\" \/>\n<meta property=\"og:url\" content=\"https:\/\/www.magnacharge.com\/fr\/product\/12n7-4b\/\" \/>\n<meta property=\"og:site_name\" content=\"Magnacharge\" \/>\n<meta property=\"article:modified_time\" content=\"2023-11-10T18:47:12+00:00\" \/>\n<meta property=\"og:image\" content=\"https:\/\/www.magnacharge.com\/fr\/wp-content\/uploads\/2022\/10\/12N7-4B.jpg\" \/>\n\t<meta property=\"og:image:width\" content=\"300\" \/>\n\t<meta property=\"og:image:height\" content=\"233\" \/>\n\t<meta property=\"og:image:type\" content=\"image\/jpeg\" \/>\n<meta name=\"twitter:card\" content=\"summary_large_image\" \/>\n<meta name=\"twitter:label1\" content=\"Est. reading time\" \/>\n\t<meta name=\"twitter:data1\" content=\"1 minute\" \/>\n<script type=\"application\/ld+json\" class=\"yoast-schema-graph\">{\"@context\":\"https:\\\/\\\/schema.org\",\"@graph\":[{\"@type\":\"WebPage\",\"@id\":\"https:\\\/\\\/www.magnacharge.com\\\/fr\\\/product\\\/12n7-4b\\\/\",\"url\":\"https:\\\/\\\/www.magnacharge.com\\\/fr\\\/product\\\/12n7-4b\\\/\",\"name\":\"12N7-4B - Magnacharge\",\"isPartOf\":{\"@id\":\"https:\\\/\\\/www.magnacharge.com\\\/fr\\\/#website\"},\"primaryImageOfPage\":{\"@id\":\"https:\\\/\\\/www.magnacharge.com\\\/fr\\\/product\\\/12n7-4b\\\/#primaryimage\"},\"image\":{\"@id\":\"https:\\\/\\\/www.magnacharge.com\\\/fr\\\/product\\\/12n7-4b\\\/#primaryimage\"},\"thumbnailUrl\":\"https:\\\/\\\/www.magnacharge.com\\\/fr\\\/wp-content\\\/uploads\\\/2022\\\/10\\\/12N7-4B.jpg\",\"datePublished\":\"2022-10-24T19:24:04+00:00\",\"dateModified\":\"2023-11-10T18:47:12+00:00\",\"breadcrumb\":{\"@id\":\"https:\\\/\\\/www.magnacharge.com\\\/fr\\\/product\\\/12n7-4b\\\/#breadcrumb\"},\"inLanguage\":\"en-US\",\"potentialAction\":[{\"@type\":\"ReadAction\",\"target\":[\"https:\\\/\\\/www.magnacharge.com\\\/fr\\\/product\\\/12n7-4b\\\/\"]}]},{\"@type\":\"ImageObject\",\"inLanguage\":\"en-US\",\"@id\":\"https:\\\/\\\/www.magnacharge.com\\\/fr\\\/product\\\/12n7-4b\\\/#primaryimage\",\"url\":\"https:\\\/\\\/www.magnacharge.com\\\/fr\\\/wp-content\\\/uploads\\\/2022\\\/10\\\/12N7-4B.jpg\",\"contentUrl\":\"https:\\\/\\\/www.magnacharge.com\\\/fr\\\/wp-content\\\/uploads\\\/2022\\\/10\\\/12N7-4B.jpg\",\"width\":300,\"height\":233},{\"@type\":\"BreadcrumbList\",\"@id\":\"https:\\\/\\\/www.magnacharge.com\\\/fr\\\/product\\\/12n7-4b\\\/#breadcrumb\",\"itemListElement\":[{\"@type\":\"ListItem\",\"position\":1,\"name\":\"Accueil\",\"item\":\"https:\\\/\\\/www.magnacharge.com\\\/fr\\\/\"},{\"@type\":\"ListItem\",\"position\":2,\"name\":\"Shop\",\"item\":\"https:\\\/\\\/www.magnacharge.com\\\/fr\\\/shop\\\/\"},{\"@type\":\"ListItem\",\"position\":3,\"name\":\"Batterie\",\"item\":\"https:\\\/\\\/www.magnacharge.com\\\/fr\\\/product-category\\\/batteries\\\/\"},{\"@type\":\"ListItem\",\"position\":4,\"name\":\"Magnasport\",\"item\":\"https:\\\/\\\/www.magnacharge.com\\\/fr\\\/product-category\\\/batteries\\\/magnasport\\\/\"},{\"@type\":\"ListItem\",\"position\":5,\"name\":\"Sport motoris\u00e9\",\"item\":\"https:\\\/\\\/www.magnacharge.com\\\/fr\\\/product-category\\\/batteries\\\/magnasport\\\/powersport\\\/\"},{\"@type\":\"ListItem\",\"position\":6,\"name\":\"Conventionnel inond\u00e9-12 volts\",\"item\":\"https:\\\/\\\/www.magnacharge.com\\\/fr\\\/product-category\\\/batteries\\\/magnasport\\\/powersport\\\/conventional-flooded-12-volt\\\/\"},{\"@type\":\"ListItem\",\"position\":7,\"name\":\"12N7-4B\"}]},{\"@type\":\"WebSite\",\"@id\":\"https:\\\/\\\/www.magnacharge.com\\\/fr\\\/#website\",\"url\":\"https:\\\/\\\/www.magnacharge.com\\\/fr\\\/\",\"name\":\"Magnacharge\",\"description\":\"\",\"potentialAction\":[{\"@type\":\"SearchAction\",\"target\":{\"@type\":\"EntryPoint\",\"urlTemplate\":\"https:\\\/\\\/www.magnacharge.com\\\/fr\\\/?s={search_term_string}\"},\"query-input\":{\"@type\":\"PropertyValueSpecification\",\"valueRequired\":true,\"valueName\":\"search_term_string\"}}],\"inLanguage\":\"en-US\"}]}<\/script>\n<!-- \/ Yoast SEO plugin. -->","yoast_head_json":{"title":"12N7-4B - Magnacharge","robots":{"index":"index","follow":"follow","max-snippet":"max-snippet:-1","max-image-preview":"max-image-preview:large","max-video-preview":"max-video-preview:-1"},"canonical":"https:\/\/www.magnacharge.com\/fr\/product\/12n7-4b\/","og_locale":"en_US","og_type":"article","og_title":"12N7-4B - Magnacharge","og_description":"Num\u00e9ro d&#8217;article 12N7-4B Conventionnel \u2013 12 Volts La batterie de sport motoris\u00e9 Magnasport Conventional Flooded Series offre un rendement de manivelle \u00e9lev\u00e9 pour r\u00e9pondre aux exigences \u00e9lev\u00e9es des \u00e9quipements de sport motoris\u00e9 traditionnels et modernes. Con\u00e7u pour respecter et d\u00e9passer les sp\u00e9cifications O.E avec un mat\u00e9riau robuste offrant des performances haut de gamme 1 an [&hellip;]","og_url":"https:\/\/www.magnacharge.com\/fr\/product\/12n7-4b\/","og_site_name":"Magnacharge","article_modified_time":"2023-11-10T18:47:12+00:00","og_image":[{"width":300,"height":233,"url":"https:\/\/www.magnacharge.com\/fr\/wp-content\/uploads\/2022\/10\/12N7-4B.jpg","type":"image\/jpeg"}],"twitter_card":"summary_large_image","twitter_misc":{"Est. reading time":"1 minute"},"schema":{"@context":"https:\/\/schema.org","@graph":[{"@type":"WebPage","@id":"https:\/\/www.magnacharge.com\/fr\/product\/12n7-4b\/","url":"https:\/\/www.magnacharge.com\/fr\/product\/12n7-4b\/","name":"12N7-4B - Magnacharge","isPartOf":{"@id":"https:\/\/www.magnacharge.com\/fr\/#website"},"primaryImageOfPage":{"@id":"https:\/\/www.magnacharge.com\/fr\/product\/12n7-4b\/#primaryimage"},"image":{"@id":"https:\/\/www.magnacharge.com\/fr\/product\/12n7-4b\/#primaryimage"},"thumbnailUrl":"https:\/\/www.magnacharge.com\/fr\/wp-content\/uploads\/2022\/10\/12N7-4B.jpg","datePublished":"2022-10-24T19:24:04+00:00","dateModified":"2023-11-10T18:47:12+00:00","breadcrumb":{"@id":"https:\/\/www.magnacharge.com\/fr\/product\/12n7-4b\/#breadcrumb"},"inLanguage":"en-US","potentialAction":[{"@type":"ReadAction","target":["https:\/\/www.magnacharge.com\/fr\/product\/12n7-4b\/"]}]},{"@type":"ImageObject","inLanguage":"en-US","@id":"https:\/\/www.magnacharge.com\/fr\/product\/12n7-4b\/#primaryimage","url":"https:\/\/www.magnacharge.com\/fr\/wp-content\/uploads\/2022\/10\/12N7-4B.jpg","contentUrl":"https:\/\/www.magnacharge.com\/fr\/wp-content\/uploads\/2022\/10\/12N7-4B.jpg","width":300,"height":233},{"@type":"BreadcrumbList","@id":"https:\/\/www.magnacharge.com\/fr\/product\/12n7-4b\/#breadcrumb","itemListElement":[{"@type":"ListItem","position":1,"name":"Accueil","item":"https:\/\/www.magnacharge.com\/fr\/"},{"@type":"ListItem","position":2,"name":"Shop","item":"https:\/\/www.magnacharge.com\/fr\/shop\/"},{"@type":"ListItem","position":3,"name":"Batterie","item":"https:\/\/www.magnacharge.com\/fr\/product-category\/batteries\/"},{"@type":"ListItem","position":4,"name":"Magnasport","item":"https:\/\/www.magnacharge.com\/fr\/product-category\/batteries\/magnasport\/"},{"@type":"ListItem","position":5,"name":"Sport motoris\u00e9","item":"https:\/\/www.magnacharge.com\/fr\/product-category\/batteries\/magnasport\/powersport\/"},{"@type":"ListItem","position":6,"name":"Conventionnel inond\u00e9-12 volts","item":"https:\/\/www.magnacharge.com\/fr\/product-category\/batteries\/magnasport\/powersport\/conventional-flooded-12-volt\/"},{"@type":"ListItem","position":7,"name":"12N7-4B"}]},{"@type":"WebSite","@id":"https:\/\/www.magnacharge.com\/fr\/#website","url":"https:\/\/www.magnacharge.com\/fr\/","name":"Magnacharge","description":"","potentialAction":[{"@type":"SearchAction","target":{"@type":"EntryPoint","urlTemplate":"https:\/\/www.magnacharge.com\/fr\/?s={search_term_string}"},"query-input":{"@type":"PropertyValueSpecification","valueRequired":true,"valueName":"search_term_string"}}],"inLanguage":"en-US"}]}},"_links":{"self":[{"href":"https:\/\/www.magnacharge.com\/fr\/wp-json\/wp\/v2\/product\/1538","targetHints":{"allow":["GET"]}}],"collection":[{"href":"https:\/\/www.magnacharge.com\/fr\/wp-json\/wp\/v2\/product"}],"about":[{"href":"https:\/\/www.magnacharge.com\/fr\/wp-json\/wp\/v2\/types\/product"}],"wp:featuredmedia":[{"embeddable":true,"href":"https:\/\/www.magnacharge.com\/fr\/wp-json\/wp\/v2\/media\/4381"}],"wp:attachment":[{"href":"https:\/\/www.magnacharge.com\/fr\/wp-json\/wp\/v2\/media?parent=1538"}],"wp:term":[{"taxonomy":"product_brand","embeddable":true,"href":"https:\/\/www.magnacharge.com\/fr\/wp-json\/wp\/v2\/product_brand?post=1538"},{"taxonomy":"product_cat","embeddable":true,"href":"https:\/\/www.magnacharge.com\/fr\/wp-json\/wp\/v2\/product_cat?post=1538"},{"taxonomy":"product_tag","embeddable":true,"href":"https:\/\/www.magnacharge.com\/fr\/wp-json\/wp\/v2\/product_tag?post=1538"}],"curies":[{"name":"wp","href":"https:\/\/api.w.org\/{rel}","templated":true}]}}