{"id":1197,"date":"2022-10-15T20:58:47","date_gmt":"2022-10-15T20:58:47","guid":{"rendered":"https:\/\/magnacharge.innoplore.com\/?post_type=product&#038;p=1197"},"modified":"2024-05-29T16:35:29","modified_gmt":"2024-05-29T16:35:29","slug":"1-725","status":"publish","type":"product","link":"https:\/\/www.magnacharge.com\/fr\/product\/1-725\/","title":{"rendered":"1-725"},"content":{"rendered":"<h2>Num\u00e9ro d&#8217;article<\/h2>\n<p class=\"bigger-font mb1\">1-725<\/p>\n<p class=\"bold-text mb1\">Commercial et commercial Industriel-6 Volts<\/p>\n<p class=\"mb1\">Les v\u00e9hicules utilitaires n\u2019exigent rien de moins que les batteries les plus puissantes, fiables et durables. Une technologie avanc\u00e9e et des mat\u00e9riaux haut de gamme ont \u00e9t\u00e9 con\u00e7us dans la s\u00e9rie commerciale Magnacharge, garantissant la meilleure puissance de d\u00e9marrage, une capacit\u00e9 de r\u00e9serve plus \u00e9lev\u00e9e et une puissance de cyclage pour offrir l&#8217;exp\u00e9rience la plus fiable du segment commercial. Nous offrons la solution d\u2019alimentation parfaite gr\u00e2ce \u00e0 une technologie innovante. Certaines caract\u00e9ristiques cl\u00e9s sont un alliage calcium-plomb avanc\u00e9 (r\u00e9duisant la consommation d&#8217;eau), une conception de plaque plus \u00e9paisse avec une durabilit\u00e9 pour lutter contre les effets n\u00e9fastes des vibrations et offrant une plus grande stabilit\u00e9 cyclique que les autres marques de la cat\u00e9gorie. S\u00e9parateurs en poly\u00e9thyl\u00e8ne avec non-tiss\u00e9 sp\u00e9cialement con\u00e7us pour les applications les plus difficiles, double couvercle labyrinthe avec pare-flammes offrant un service sans entretien et une s\u00e9curit\u00e9 suppl\u00e9mentaire. Alimentez tous les \u00e9quipements et v\u00e9hicules diesel avec une gamme compl\u00e8te de solutions.<\/p>\n<ul class=\"fab\">\n<li>Puissance de d\u00e9marrage avanc\u00e9e<\/li>\n<li>Dur\u00e9e de vie plus longue<\/li>\n<li>Conforme aux performances et sp\u00e9cifications de qualit\u00e9 OE.<\/li>\n<li>Acceptation de charge plus forte<\/li>\n<li>R\u00e9sistant aux vibrations<\/li>\n<\/ul>\n","protected":false},"excerpt":{"rendered":"<p>Num\u00e9ro d&#8217;article 1-725 Commercial et commercial Industriel-6 Volts Les v\u00e9hicules utilitaires n\u2019exigent rien de moins que les batteries les plus puissantes, fiables et durables. Une technologie avanc\u00e9e et des mat\u00e9riaux haut de gamme ont \u00e9t\u00e9 con\u00e7us dans la s\u00e9rie commerciale Magnacharge, garantissant la meilleure puissance de d\u00e9marrage, une capacit\u00e9 de r\u00e9serve plus \u00e9lev\u00e9e et une [&hellip;]<\/p>\n","protected":false},"featured_media":6129,"template":"","meta":{"_acf_changed":false},"product_brand":[],"product_cat":[62],"product_tag":[],"class_list":{"0":"post-1197","1":"product","2":"type-product","3":"status-publish","4":"has-post-thumbnail","6":"product_cat-commercial-industrial-6-volt-natural-resources","8":"first","9":"instock","10":"shipping-taxable","11":"product-type-simple"},"acf":[],"yoast_head":"<!-- This site is optimized with the Yoast SEO plugin v27.3 - https:\/\/yoast.com\/product\/yoast-seo-wordpress\/ -->\n<title>1-725 - Magnacharge<\/title>\n<meta name=\"robots\" content=\"index, follow, max-snippet:-1, max-image-preview:large, max-video-preview:-1\" \/>\n<link rel=\"canonical\" href=\"https:\/\/www.magnacharge.com\/fr\/product\/1-725\/\" \/>\n<meta property=\"og:locale\" content=\"en_US\" \/>\n<meta property=\"og:type\" content=\"article\" \/>\n<meta property=\"og:title\" content=\"1-725 - Magnacharge\" \/>\n<meta property=\"og:description\" content=\"Num\u00e9ro d&#8217;article 1-725 Commercial et commercial Industriel-6 Volts Les v\u00e9hicules utilitaires n\u2019exigent rien de moins que les batteries les plus puissantes, fiables et durables. Une technologie avanc\u00e9e et des mat\u00e9riaux haut de gamme ont \u00e9t\u00e9 con\u00e7us dans la s\u00e9rie commerciale Magnacharge, garantissant la meilleure puissance de d\u00e9marrage, une capacit\u00e9 de r\u00e9serve plus \u00e9lev\u00e9e et une [&hellip;]\" \/>\n<meta property=\"og:url\" content=\"https:\/\/www.magnacharge.com\/fr\/product\/1-725\/\" \/>\n<meta property=\"og:site_name\" content=\"Magnacharge\" \/>\n<meta property=\"article:modified_time\" content=\"2024-05-29T16:35:29+00:00\" \/>\n<meta property=\"og:image\" content=\"https:\/\/www.magnacharge.com\/fr\/wp-content\/uploads\/2022\/10\/magnacharge.jpg\" \/>\n\t<meta property=\"og:image:width\" content=\"1000\" \/>\n\t<meta property=\"og:image:height\" content=\"1000\" \/>\n\t<meta property=\"og:image:type\" content=\"image\/jpeg\" \/>\n<meta name=\"twitter:card\" content=\"summary_large_image\" \/>\n<meta name=\"twitter:label1\" content=\"Est. reading time\" \/>\n\t<meta name=\"twitter:data1\" content=\"2 minutes\" \/>\n<script type=\"application\/ld+json\" class=\"yoast-schema-graph\">{\"@context\":\"https:\\\/\\\/schema.org\",\"@graph\":[{\"@type\":\"WebPage\",\"@id\":\"https:\\\/\\\/www.magnacharge.com\\\/fr\\\/product\\\/1-725\\\/\",\"url\":\"https:\\\/\\\/www.magnacharge.com\\\/fr\\\/product\\\/1-725\\\/\",\"name\":\"1-725 - Magnacharge\",\"isPartOf\":{\"@id\":\"https:\\\/\\\/www.magnacharge.com\\\/fr\\\/#website\"},\"primaryImageOfPage\":{\"@id\":\"https:\\\/\\\/www.magnacharge.com\\\/fr\\\/product\\\/1-725\\\/#primaryimage\"},\"image\":{\"@id\":\"https:\\\/\\\/www.magnacharge.com\\\/fr\\\/product\\\/1-725\\\/#primaryimage\"},\"thumbnailUrl\":\"https:\\\/\\\/www.magnacharge.com\\\/fr\\\/wp-content\\\/uploads\\\/2022\\\/10\\\/magnacharge.jpg\",\"datePublished\":\"2022-10-15T20:58:47+00:00\",\"dateModified\":\"2024-05-29T16:35:29+00:00\",\"breadcrumb\":{\"@id\":\"https:\\\/\\\/www.magnacharge.com\\\/fr\\\/product\\\/1-725\\\/#breadcrumb\"},\"inLanguage\":\"en-US\",\"potentialAction\":[{\"@type\":\"ReadAction\",\"target\":[\"https:\\\/\\\/www.magnacharge.com\\\/fr\\\/product\\\/1-725\\\/\"]}]},{\"@type\":\"ImageObject\",\"inLanguage\":\"en-US\",\"@id\":\"https:\\\/\\\/www.magnacharge.com\\\/fr\\\/product\\\/1-725\\\/#primaryimage\",\"url\":\"https:\\\/\\\/www.magnacharge.com\\\/fr\\\/wp-content\\\/uploads\\\/2022\\\/10\\\/magnacharge.jpg\",\"contentUrl\":\"https:\\\/\\\/www.magnacharge.com\\\/fr\\\/wp-content\\\/uploads\\\/2022\\\/10\\\/magnacharge.jpg\",\"width\":1000,\"height\":1000},{\"@type\":\"BreadcrumbList\",\"@id\":\"https:\\\/\\\/www.magnacharge.com\\\/fr\\\/product\\\/1-725\\\/#breadcrumb\",\"itemListElement\":[{\"@type\":\"ListItem\",\"position\":1,\"name\":\"Accueil\",\"item\":\"https:\\\/\\\/www.magnacharge.com\\\/fr\\\/\"},{\"@type\":\"ListItem\",\"position\":2,\"name\":\"Shop\",\"item\":\"https:\\\/\\\/www.magnacharge.com\\\/fr\\\/shop\\\/\"},{\"@type\":\"ListItem\",\"position\":3,\"name\":\"Batterie\",\"item\":\"https:\\\/\\\/www.magnacharge.com\\\/fr\\\/product-category\\\/batteries\\\/\"},{\"@type\":\"ListItem\",\"position\":4,\"name\":\"Magnacharge\",\"item\":\"https:\\\/\\\/www.magnacharge.com\\\/fr\\\/product-category\\\/batteries\\\/magnacharge\\\/\"},{\"@type\":\"ListItem\",\"position\":5,\"name\":\"Ressources naturelles\",\"item\":\"https:\\\/\\\/www.magnacharge.com\\\/fr\\\/product-category\\\/batteries\\\/magnacharge\\\/natural-resources\\\/\"},{\"@type\":\"ListItem\",\"position\":6,\"name\":\"V\u00e9hicules commerciaux et industriels, 6 volts\",\"item\":\"https:\\\/\\\/www.magnacharge.com\\\/fr\\\/product-category\\\/batteries\\\/magnacharge\\\/natural-resources\\\/commercial-industrial-6-volt-natural-resources\\\/\"},{\"@type\":\"ListItem\",\"position\":7,\"name\":\"1-725\"}]},{\"@type\":\"WebSite\",\"@id\":\"https:\\\/\\\/www.magnacharge.com\\\/fr\\\/#website\",\"url\":\"https:\\\/\\\/www.magnacharge.com\\\/fr\\\/\",\"name\":\"Magnacharge\",\"description\":\"\",\"potentialAction\":[{\"@type\":\"SearchAction\",\"target\":{\"@type\":\"EntryPoint\",\"urlTemplate\":\"https:\\\/\\\/www.magnacharge.com\\\/fr\\\/?s={search_term_string}\"},\"query-input\":{\"@type\":\"PropertyValueSpecification\",\"valueRequired\":true,\"valueName\":\"search_term_string\"}}],\"inLanguage\":\"en-US\"}]}<\/script>\n<!-- \/ Yoast SEO plugin. -->","yoast_head_json":{"title":"1-725 - Magnacharge","robots":{"index":"index","follow":"follow","max-snippet":"max-snippet:-1","max-image-preview":"max-image-preview:large","max-video-preview":"max-video-preview:-1"},"canonical":"https:\/\/www.magnacharge.com\/fr\/product\/1-725\/","og_locale":"en_US","og_type":"article","og_title":"1-725 - Magnacharge","og_description":"Num\u00e9ro d&#8217;article 1-725 Commercial et commercial Industriel-6 Volts Les v\u00e9hicules utilitaires n\u2019exigent rien de moins que les batteries les plus puissantes, fiables et durables. Une technologie avanc\u00e9e et des mat\u00e9riaux haut de gamme ont \u00e9t\u00e9 con\u00e7us dans la s\u00e9rie commerciale Magnacharge, garantissant la meilleure puissance de d\u00e9marrage, une capacit\u00e9 de r\u00e9serve plus \u00e9lev\u00e9e et une [&hellip;]","og_url":"https:\/\/www.magnacharge.com\/fr\/product\/1-725\/","og_site_name":"Magnacharge","article_modified_time":"2024-05-29T16:35:29+00:00","og_image":[{"width":1000,"height":1000,"url":"https:\/\/www.magnacharge.com\/fr\/wp-content\/uploads\/2022\/10\/magnacharge.jpg","type":"image\/jpeg"}],"twitter_card":"summary_large_image","twitter_misc":{"Est. reading time":"2 minutes"},"schema":{"@context":"https:\/\/schema.org","@graph":[{"@type":"WebPage","@id":"https:\/\/www.magnacharge.com\/fr\/product\/1-725\/","url":"https:\/\/www.magnacharge.com\/fr\/product\/1-725\/","name":"1-725 - Magnacharge","isPartOf":{"@id":"https:\/\/www.magnacharge.com\/fr\/#website"},"primaryImageOfPage":{"@id":"https:\/\/www.magnacharge.com\/fr\/product\/1-725\/#primaryimage"},"image":{"@id":"https:\/\/www.magnacharge.com\/fr\/product\/1-725\/#primaryimage"},"thumbnailUrl":"https:\/\/www.magnacharge.com\/fr\/wp-content\/uploads\/2022\/10\/magnacharge.jpg","datePublished":"2022-10-15T20:58:47+00:00","dateModified":"2024-05-29T16:35:29+00:00","breadcrumb":{"@id":"https:\/\/www.magnacharge.com\/fr\/product\/1-725\/#breadcrumb"},"inLanguage":"en-US","potentialAction":[{"@type":"ReadAction","target":["https:\/\/www.magnacharge.com\/fr\/product\/1-725\/"]}]},{"@type":"ImageObject","inLanguage":"en-US","@id":"https:\/\/www.magnacharge.com\/fr\/product\/1-725\/#primaryimage","url":"https:\/\/www.magnacharge.com\/fr\/wp-content\/uploads\/2022\/10\/magnacharge.jpg","contentUrl":"https:\/\/www.magnacharge.com\/fr\/wp-content\/uploads\/2022\/10\/magnacharge.jpg","width":1000,"height":1000},{"@type":"BreadcrumbList","@id":"https:\/\/www.magnacharge.com\/fr\/product\/1-725\/#breadcrumb","itemListElement":[{"@type":"ListItem","position":1,"name":"Accueil","item":"https:\/\/www.magnacharge.com\/fr\/"},{"@type":"ListItem","position":2,"name":"Shop","item":"https:\/\/www.magnacharge.com\/fr\/shop\/"},{"@type":"ListItem","position":3,"name":"Batterie","item":"https:\/\/www.magnacharge.com\/fr\/product-category\/batteries\/"},{"@type":"ListItem","position":4,"name":"Magnacharge","item":"https:\/\/www.magnacharge.com\/fr\/product-category\/batteries\/magnacharge\/"},{"@type":"ListItem","position":5,"name":"Ressources naturelles","item":"https:\/\/www.magnacharge.com\/fr\/product-category\/batteries\/magnacharge\/natural-resources\/"},{"@type":"ListItem","position":6,"name":"V\u00e9hicules commerciaux et industriels, 6 volts","item":"https:\/\/www.magnacharge.com\/fr\/product-category\/batteries\/magnacharge\/natural-resources\/commercial-industrial-6-volt-natural-resources\/"},{"@type":"ListItem","position":7,"name":"1-725"}]},{"@type":"WebSite","@id":"https:\/\/www.magnacharge.com\/fr\/#website","url":"https:\/\/www.magnacharge.com\/fr\/","name":"Magnacharge","description":"","potentialAction":[{"@type":"SearchAction","target":{"@type":"EntryPoint","urlTemplate":"https:\/\/www.magnacharge.com\/fr\/?s={search_term_string}"},"query-input":{"@type":"PropertyValueSpecification","valueRequired":true,"valueName":"search_term_string"}}],"inLanguage":"en-US"}]}},"_links":{"self":[{"href":"https:\/\/www.magnacharge.com\/fr\/wp-json\/wp\/v2\/product\/1197","targetHints":{"allow":["GET"]}}],"collection":[{"href":"https:\/\/www.magnacharge.com\/fr\/wp-json\/wp\/v2\/product"}],"about":[{"href":"https:\/\/www.magnacharge.com\/fr\/wp-json\/wp\/v2\/types\/product"}],"wp:featuredmedia":[{"embeddable":true,"href":"https:\/\/www.magnacharge.com\/fr\/wp-json\/wp\/v2\/media\/6129"}],"wp:attachment":[{"href":"https:\/\/www.magnacharge.com\/fr\/wp-json\/wp\/v2\/media?parent=1197"}],"wp:term":[{"taxonomy":"product_brand","embeddable":true,"href":"https:\/\/www.magnacharge.com\/fr\/wp-json\/wp\/v2\/product_brand?post=1197"},{"taxonomy":"product_cat","embeddable":true,"href":"https:\/\/www.magnacharge.com\/fr\/wp-json\/wp\/v2\/product_cat?post=1197"},{"taxonomy":"product_tag","embeddable":true,"href":"https:\/\/www.magnacharge.com\/fr\/wp-json\/wp\/v2\/product_tag?post=1197"}],"curies":[{"name":"wp","href":"https:\/\/api.w.org\/{rel}","templated":true}]}}