{"id":1070,"date":"2022-10-15T16:35:10","date_gmt":"2022-10-15T16:35:10","guid":{"rendered":"https:\/\/magnacharge.innoplore.com\/?post_type=product&#038;p=1070"},"modified":"2023-11-02T18:48:48","modified_gmt":"2023-11-02T18:48:48","slug":"27dc-180agm","status":"publish","type":"product","link":"https:\/\/www.magnacharge.com\/fr\/product\/27dc-180agm\/","title":{"rendered":"27DC-180AGM"},"content":{"rendered":"<h2>Num\u00e9ro d&#8217;article<\/h2>\n<p class=\"bigger-font mb1\">27DC-180AGM<\/p>\n<p class=\"bold-text mb1\">S\u00c9RIE MAGNACHARGE 12 VOLTS AGM DOUBLE USAGE<\/p>\n<p class=\"mb1\">La s\u00e9rie Magnacharge AGM DC est construite \u00e0 partir d&#8217;un mat\u00e9riau actif haute densit\u00e9, d&#8217;ultra microfibres et d&#8217;une technologie de recombinaison avanc\u00e9e pour les applications les plus difficiles et les plus exigeantes. La conception exclusive garantit \u00e0 chaque fois les performances les plus constantes, les plus fiables et les meilleures de leur cat\u00e9gorie. Reconnu par les professionnels comme \u00e9tant la source d&#8217;\u00e9nergie la plus constante dans \u00ab leur \u00bb flotte et leurs \u00e9quipements industriels et r\u00e9cr\u00e9atifs. Avec la s\u00e9rie AGM DC de Magnacharge, vous pouvez \u00eatre s\u00fbr que votre \u00e9quipement fonctionnera de mani\u00e8re optimale \u00e0 chaque fois.<\/p>\n<ul class=\"fab\">\n<li>S\u00e9parateur de tapis de verre absorbant<\/li>\n<li>Conception flexible pour la semi-traction (cyclage profond) et le d\u00e9marrage<\/li>\n<li>Mat\u00e9riau actif haute densit\u00e9<\/li>\n<li>Indicateur Oeil Magique<\/li>\n<li>Conception de bo\u00eetier renforc\u00e9e<\/li>\n<li>Tissus sp\u00e9ciaux et &amp; Microfibre<\/li>\n<li>Technologie X-Frame<\/li>\n<\/ul>\n","protected":false},"excerpt":{"rendered":"<p>Num\u00e9ro d&#8217;article 27DC-180AGM S\u00c9RIE MAGNACHARGE 12 VOLTS AGM DOUBLE USAGE La s\u00e9rie Magnacharge AGM DC est construite \u00e0 partir d&#8217;un mat\u00e9riau actif haute densit\u00e9, d&#8217;ultra microfibres et d&#8217;une technologie de recombinaison avanc\u00e9e pour les applications les plus difficiles et les plus exigeantes. La conception exclusive garantit \u00e0 chaque fois les performances les plus constantes, les [&hellip;]<\/p>\n","protected":false},"featured_media":3654,"template":"","meta":{"_acf_changed":false},"product_brand":[],"product_cat":[35,52,54,57],"product_tag":[],"class_list":{"0":"post-1070","1":"product","2":"type-product","3":"status-publish","4":"has-post-thumbnail","6":"product_cat-agm-dc-series-12-volt-deep-cycle","7":"product_cat-agm-dc-series-12-volt-deep-cycle-floor-machines","8":"product_cat-agm-dc-series-12-volt-deep-cycle-golf-rv-and-marine","9":"product_cat-agm-dc-series-12-volt-deep-cycle-natural-resources","11":"first","12":"instock","13":"shipping-taxable","14":"product-type-simple"},"acf":[],"yoast_head":"<!-- This site is optimized with the Yoast SEO plugin v27.3 - https:\/\/yoast.com\/product\/yoast-seo-wordpress\/ -->\n<title>27DC-180AGM - Magnacharge<\/title>\n<meta name=\"robots\" content=\"index, follow, max-snippet:-1, max-image-preview:large, max-video-preview:-1\" \/>\n<link rel=\"canonical\" href=\"https:\/\/www.magnacharge.com\/fr\/product\/27dc-180agm\/\" \/>\n<meta property=\"og:locale\" content=\"en_US\" \/>\n<meta property=\"og:type\" content=\"article\" \/>\n<meta property=\"og:title\" content=\"27DC-180AGM - Magnacharge\" \/>\n<meta property=\"og:description\" content=\"Num\u00e9ro d&#8217;article 27DC-180AGM S\u00c9RIE MAGNACHARGE 12 VOLTS AGM DOUBLE USAGE La s\u00e9rie Magnacharge AGM DC est construite \u00e0 partir d&#8217;un mat\u00e9riau actif haute densit\u00e9, d&#8217;ultra microfibres et d&#8217;une technologie de recombinaison avanc\u00e9e pour les applications les plus difficiles et les plus exigeantes. La conception exclusive garantit \u00e0 chaque fois les performances les plus constantes, les [&hellip;]\" \/>\n<meta property=\"og:url\" content=\"https:\/\/www.magnacharge.com\/fr\/product\/27dc-180agm\/\" \/>\n<meta property=\"og:site_name\" content=\"Magnacharge\" \/>\n<meta property=\"article:modified_time\" content=\"2023-11-02T18:48:48+00:00\" \/>\n<meta property=\"og:image\" content=\"https:\/\/www.magnacharge.com\/fr\/wp-content\/uploads\/2022\/10\/27dc-180agm-1.jpg\" \/>\n\t<meta property=\"og:image:width\" content=\"1000\" \/>\n\t<meta property=\"og:image:height\" content=\"1000\" \/>\n\t<meta property=\"og:image:type\" content=\"image\/jpeg\" \/>\n<meta name=\"twitter:card\" content=\"summary_large_image\" \/>\n<meta name=\"twitter:label1\" content=\"Est. reading time\" \/>\n\t<meta name=\"twitter:data1\" content=\"1 minute\" \/>\n<script type=\"application\/ld+json\" class=\"yoast-schema-graph\">{\"@context\":\"https:\\\/\\\/schema.org\",\"@graph\":[{\"@type\":\"WebPage\",\"@id\":\"https:\\\/\\\/www.magnacharge.com\\\/fr\\\/product\\\/27dc-180agm\\\/\",\"url\":\"https:\\\/\\\/www.magnacharge.com\\\/fr\\\/product\\\/27dc-180agm\\\/\",\"name\":\"27DC-180AGM - Magnacharge\",\"isPartOf\":{\"@id\":\"https:\\\/\\\/www.magnacharge.com\\\/fr\\\/#website\"},\"primaryImageOfPage\":{\"@id\":\"https:\\\/\\\/www.magnacharge.com\\\/fr\\\/product\\\/27dc-180agm\\\/#primaryimage\"},\"image\":{\"@id\":\"https:\\\/\\\/www.magnacharge.com\\\/fr\\\/product\\\/27dc-180agm\\\/#primaryimage\"},\"thumbnailUrl\":\"https:\\\/\\\/www.magnacharge.com\\\/fr\\\/wp-content\\\/uploads\\\/2022\\\/10\\\/27dc-180agm-1.jpg\",\"datePublished\":\"2022-10-15T16:35:10+00:00\",\"dateModified\":\"2023-11-02T18:48:48+00:00\",\"breadcrumb\":{\"@id\":\"https:\\\/\\\/www.magnacharge.com\\\/fr\\\/product\\\/27dc-180agm\\\/#breadcrumb\"},\"inLanguage\":\"en-US\",\"potentialAction\":[{\"@type\":\"ReadAction\",\"target\":[\"https:\\\/\\\/www.magnacharge.com\\\/fr\\\/product\\\/27dc-180agm\\\/\"]}]},{\"@type\":\"ImageObject\",\"inLanguage\":\"en-US\",\"@id\":\"https:\\\/\\\/www.magnacharge.com\\\/fr\\\/product\\\/27dc-180agm\\\/#primaryimage\",\"url\":\"https:\\\/\\\/www.magnacharge.com\\\/fr\\\/wp-content\\\/uploads\\\/2022\\\/10\\\/27dc-180agm-1.jpg\",\"contentUrl\":\"https:\\\/\\\/www.magnacharge.com\\\/fr\\\/wp-content\\\/uploads\\\/2022\\\/10\\\/27dc-180agm-1.jpg\",\"width\":1000,\"height\":1000},{\"@type\":\"BreadcrumbList\",\"@id\":\"https:\\\/\\\/www.magnacharge.com\\\/fr\\\/product\\\/27dc-180agm\\\/#breadcrumb\",\"itemListElement\":[{\"@type\":\"ListItem\",\"position\":1,\"name\":\"Accueil\",\"item\":\"https:\\\/\\\/www.magnacharge.com\\\/fr\\\/\"},{\"@type\":\"ListItem\",\"position\":2,\"name\":\"Shop\",\"item\":\"https:\\\/\\\/www.magnacharge.com\\\/fr\\\/shop\\\/\"},{\"@type\":\"ListItem\",\"position\":3,\"name\":\"Batterie\",\"item\":\"https:\\\/\\\/www.magnacharge.com\\\/fr\\\/product-category\\\/batteries\\\/\"},{\"@type\":\"ListItem\",\"position\":4,\"name\":\"Magnacharge\",\"item\":\"https:\\\/\\\/www.magnacharge.com\\\/fr\\\/product-category\\\/batteries\\\/magnacharge\\\/\"},{\"@type\":\"ListItem\",\"position\":5,\"name\":\"Ressources naturelles\",\"item\":\"https:\\\/\\\/www.magnacharge.com\\\/fr\\\/product-category\\\/batteries\\\/magnacharge\\\/natural-resources\\\/\"},{\"@type\":\"ListItem\",\"position\":6,\"name\":\"S\u00e9rie AGM CC 12 volts \u00e0 d\u00e9charge profonde\",\"item\":\"https:\\\/\\\/www.magnacharge.com\\\/fr\\\/product-category\\\/batteries\\\/magnacharge\\\/natural-resources\\\/agm-dc-series-12-volt-deep-cycle-natural-resources\\\/\"},{\"@type\":\"ListItem\",\"position\":7,\"name\":\"27DC-180AGM\"}]},{\"@type\":\"WebSite\",\"@id\":\"https:\\\/\\\/www.magnacharge.com\\\/fr\\\/#website\",\"url\":\"https:\\\/\\\/www.magnacharge.com\\\/fr\\\/\",\"name\":\"Magnacharge\",\"description\":\"\",\"potentialAction\":[{\"@type\":\"SearchAction\",\"target\":{\"@type\":\"EntryPoint\",\"urlTemplate\":\"https:\\\/\\\/www.magnacharge.com\\\/fr\\\/?s={search_term_string}\"},\"query-input\":{\"@type\":\"PropertyValueSpecification\",\"valueRequired\":true,\"valueName\":\"search_term_string\"}}],\"inLanguage\":\"en-US\"}]}<\/script>\n<!-- \/ Yoast SEO plugin. -->","yoast_head_json":{"title":"27DC-180AGM - Magnacharge","robots":{"index":"index","follow":"follow","max-snippet":"max-snippet:-1","max-image-preview":"max-image-preview:large","max-video-preview":"max-video-preview:-1"},"canonical":"https:\/\/www.magnacharge.com\/fr\/product\/27dc-180agm\/","og_locale":"en_US","og_type":"article","og_title":"27DC-180AGM - Magnacharge","og_description":"Num\u00e9ro d&#8217;article 27DC-180AGM S\u00c9RIE MAGNACHARGE 12 VOLTS AGM DOUBLE USAGE La s\u00e9rie Magnacharge AGM DC est construite \u00e0 partir d&#8217;un mat\u00e9riau actif haute densit\u00e9, d&#8217;ultra microfibres et d&#8217;une technologie de recombinaison avanc\u00e9e pour les applications les plus difficiles et les plus exigeantes. La conception exclusive garantit \u00e0 chaque fois les performances les plus constantes, les [&hellip;]","og_url":"https:\/\/www.magnacharge.com\/fr\/product\/27dc-180agm\/","og_site_name":"Magnacharge","article_modified_time":"2023-11-02T18:48:48+00:00","og_image":[{"width":1000,"height":1000,"url":"https:\/\/www.magnacharge.com\/fr\/wp-content\/uploads\/2022\/10\/27dc-180agm-1.jpg","type":"image\/jpeg"}],"twitter_card":"summary_large_image","twitter_misc":{"Est. reading time":"1 minute"},"schema":{"@context":"https:\/\/schema.org","@graph":[{"@type":"WebPage","@id":"https:\/\/www.magnacharge.com\/fr\/product\/27dc-180agm\/","url":"https:\/\/www.magnacharge.com\/fr\/product\/27dc-180agm\/","name":"27DC-180AGM - Magnacharge","isPartOf":{"@id":"https:\/\/www.magnacharge.com\/fr\/#website"},"primaryImageOfPage":{"@id":"https:\/\/www.magnacharge.com\/fr\/product\/27dc-180agm\/#primaryimage"},"image":{"@id":"https:\/\/www.magnacharge.com\/fr\/product\/27dc-180agm\/#primaryimage"},"thumbnailUrl":"https:\/\/www.magnacharge.com\/fr\/wp-content\/uploads\/2022\/10\/27dc-180agm-1.jpg","datePublished":"2022-10-15T16:35:10+00:00","dateModified":"2023-11-02T18:48:48+00:00","breadcrumb":{"@id":"https:\/\/www.magnacharge.com\/fr\/product\/27dc-180agm\/#breadcrumb"},"inLanguage":"en-US","potentialAction":[{"@type":"ReadAction","target":["https:\/\/www.magnacharge.com\/fr\/product\/27dc-180agm\/"]}]},{"@type":"ImageObject","inLanguage":"en-US","@id":"https:\/\/www.magnacharge.com\/fr\/product\/27dc-180agm\/#primaryimage","url":"https:\/\/www.magnacharge.com\/fr\/wp-content\/uploads\/2022\/10\/27dc-180agm-1.jpg","contentUrl":"https:\/\/www.magnacharge.com\/fr\/wp-content\/uploads\/2022\/10\/27dc-180agm-1.jpg","width":1000,"height":1000},{"@type":"BreadcrumbList","@id":"https:\/\/www.magnacharge.com\/fr\/product\/27dc-180agm\/#breadcrumb","itemListElement":[{"@type":"ListItem","position":1,"name":"Accueil","item":"https:\/\/www.magnacharge.com\/fr\/"},{"@type":"ListItem","position":2,"name":"Shop","item":"https:\/\/www.magnacharge.com\/fr\/shop\/"},{"@type":"ListItem","position":3,"name":"Batterie","item":"https:\/\/www.magnacharge.com\/fr\/product-category\/batteries\/"},{"@type":"ListItem","position":4,"name":"Magnacharge","item":"https:\/\/www.magnacharge.com\/fr\/product-category\/batteries\/magnacharge\/"},{"@type":"ListItem","position":5,"name":"Ressources naturelles","item":"https:\/\/www.magnacharge.com\/fr\/product-category\/batteries\/magnacharge\/natural-resources\/"},{"@type":"ListItem","position":6,"name":"S\u00e9rie AGM CC 12 volts \u00e0 d\u00e9charge profonde","item":"https:\/\/www.magnacharge.com\/fr\/product-category\/batteries\/magnacharge\/natural-resources\/agm-dc-series-12-volt-deep-cycle-natural-resources\/"},{"@type":"ListItem","position":7,"name":"27DC-180AGM"}]},{"@type":"WebSite","@id":"https:\/\/www.magnacharge.com\/fr\/#website","url":"https:\/\/www.magnacharge.com\/fr\/","name":"Magnacharge","description":"","potentialAction":[{"@type":"SearchAction","target":{"@type":"EntryPoint","urlTemplate":"https:\/\/www.magnacharge.com\/fr\/?s={search_term_string}"},"query-input":{"@type":"PropertyValueSpecification","valueRequired":true,"valueName":"search_term_string"}}],"inLanguage":"en-US"}]}},"_links":{"self":[{"href":"https:\/\/www.magnacharge.com\/fr\/wp-json\/wp\/v2\/product\/1070","targetHints":{"allow":["GET"]}}],"collection":[{"href":"https:\/\/www.magnacharge.com\/fr\/wp-json\/wp\/v2\/product"}],"about":[{"href":"https:\/\/www.magnacharge.com\/fr\/wp-json\/wp\/v2\/types\/product"}],"wp:featuredmedia":[{"embeddable":true,"href":"https:\/\/www.magnacharge.com\/fr\/wp-json\/wp\/v2\/media\/3654"}],"wp:attachment":[{"href":"https:\/\/www.magnacharge.com\/fr\/wp-json\/wp\/v2\/media?parent=1070"}],"wp:term":[{"taxonomy":"product_brand","embeddable":true,"href":"https:\/\/www.magnacharge.com\/fr\/wp-json\/wp\/v2\/product_brand?post=1070"},{"taxonomy":"product_cat","embeddable":true,"href":"https:\/\/www.magnacharge.com\/fr\/wp-json\/wp\/v2\/product_cat?post=1070"},{"taxonomy":"product_tag","embeddable":true,"href":"https:\/\/www.magnacharge.com\/fr\/wp-json\/wp\/v2\/product_tag?post=1070"}],"curies":[{"name":"wp","href":"https:\/\/api.w.org\/{rel}","templated":true}]}}